{"id":13281,"date":"2025-06-17T16:37:15","date_gmt":"2025-06-17T15:37:15","guid":{"rendered":"https:\/\/educavel.com\/?post_type=product&#038;p=13281"},"modified":"2025-11-16T19:52:55","modified_gmt":"2025-11-16T19:52:55","slug":"guia-100-de-emagrecimento-rapido-e-seguro","status":"publish","type":"product","link":"https:\/\/educavel.com\/ebooks\/produto\/guia-100-de-emagrecimento-rapido-e-seguro\/","title":{"rendered":"Guia 100% de Emagrecimento R\u00e1pido e Seguro"},"content":{"rendered":"<p>No meio da caos de sa\u00fade, h\u00e1 v\u00e1rios m\u00e9todos que muitos implementam pensando que est\u00e3o a resolver um grande problema de sa\u00fade, que por vezes as as suas implementa\u00e7\u00f5es s\u00e3o inadequadas para a pr\u00f3pria sa\u00fade, ora, usam m\u00e9todos perigosos quando se trata de emagrecer de uma forma saud\u00e1vel, por isso creio este livro com m\u00e9todos simples e seguros para obter um emagrecimento r\u00e1pido e seguro, sem uso de material pesados e suplementos inadequados.<\/p>\n<p>Mas ser\u00e1 que somente eu ajudei v\u00e1rias pessoas no emagrecimento saud\u00e1vel e seguro com este livro? Claro que n\u00e3o!<\/p>\n<p>\u2705\ud83d\udcd9_O meu livro cont\u00e9m v\u00e1rios temas, dentre eles , est\u00e1 l\u00e1<\/p>\n<p>\u2705\ud83d\ude1eComo se prevenir de depress\u00e3o Ansiedade.<\/p>\n<p>\u2705\ud83d\udc68\ud83c\udffd\u200d\u2695Como obter um bom controle de sa\u00fade.<\/p>\n<p>\u2705\ud83e\udedaComo emagrecer sem usar suplementos e *instrumentos profissionais*<\/p>\n<p>\u2705\ud83d\udeb6\ud83c\udffd\ud83d\udcc9Como se livrar da solid\u00e3o.<\/p>\n<p>\u2705\ud83e\udd6c\ud83e\udd55Dietas para emagrecimento.<\/p>\n<p>\u2705 Como se adaptar em qualquer ambiente, e mais assuntos que todos eles tem uma interliga\u00e7\u00e3o com a sa\u00fade f\u00edsica, emocional, e mental.<\/p>\n<p>&nbsp;<\/p>\n<p>\ud83c\udfcb\u200d\u2640A pr\u00f3xima pessoa que vai obter dicas para uma boa sa\u00fade \u00e9 voc\u00ea mesmo.<\/p>\n","protected":false},"excerpt":{"rendered":"<p>A pr\u00f3xima pessoa que vai obter dicas para uma boa sa\u00fade \u00e9 voc\u00ea mesmo ao adquirir este eBook<\/p>\n","protected":false},"featured_media":17871,"comment_status":"open","ping_status":"closed","template":"","meta":{"_acf_changed":false},"product_brand":[],"product_cat":[107],"product_tag":[],"class_list":{"0":"post-13281","1":"product","2":"type-product","3":"status-publish","4":"has-post-thumbnail","6":"product_cat-ebooks","8":"first","9":"instock","10":"downloadable","11":"virtual","12":"sold-individually","13":"taxable","14":"purchasable","15":"product-type-simple"},"acf":[],"jetpack_sharing_enabled":true,"_links":{"self":[{"href":"https:\/\/educavel.com\/ebooks\/wp-json\/wp\/v2\/product\/13281","targetHints":{"allow":["GET"]}}],"collection":[{"href":"https:\/\/educavel.com\/ebooks\/wp-json\/wp\/v2\/product"}],"about":[{"href":"https:\/\/educavel.com\/ebooks\/wp-json\/wp\/v2\/types\/product"}],"replies":[{"embeddable":true,"href":"https:\/\/educavel.com\/ebooks\/wp-json\/wp\/v2\/comments?post=13281"}],"wp:featuredmedia":[{"embeddable":true,"href":"https:\/\/educavel.com\/ebooks\/wp-json\/wp\/v2\/media\/17871"}],"wp:attachment":[{"href":"https:\/\/educavel.com\/ebooks\/wp-json\/wp\/v2\/media?parent=13281"}],"wp:term":[{"taxonomy":"product_brand","embeddable":true,"href":"https:\/\/educavel.com\/ebooks\/wp-json\/wp\/v2\/product_brand?post=13281"},{"taxonomy":"product_cat","embeddable":true,"href":"https:\/\/educavel.com\/ebooks\/wp-json\/wp\/v2\/product_cat?post=13281"},{"taxonomy":"product_tag","embeddable":true,"href":"https:\/\/educavel.com\/ebooks\/wp-json\/wp\/v2\/product_tag?post=13281"}],"curies":[{"name":"wp","href":"https:\/\/api.w.org\/{rel}","templated":true}]}}