{"id":13780,"date":"2025-06-23T12:50:05","date_gmt":"2025-06-23T11:50:05","guid":{"rendered":"https:\/\/educavel.com\/?post_type=product&#038;p=13780"},"modified":"2025-11-16T19:22:05","modified_gmt":"2025-11-16T19:22:05","slug":"1001-formas-criativas-de-aprender-ingles-2","status":"publish","type":"product","link":"https:\/\/educavel.com\/ebooks\/produto\/1001-formas-criativas-de-aprender-ingles-2\/","title":{"rendered":"1001 formas criativas de aprender Ingl\u00eas"},"content":{"rendered":"<p>\ud83d\udd25 O que voc\u00ea vai encontrar neste guia:<\/p>\n<p>\u2705 M\u00e9todos f\u00e1ceis e eficazes para aprender ingl\u00eas de forma natural e divertida<br \/>\n\u2705 Dicas incr\u00edveis para acelerar seu aprendizado, mesmo com pouco tempo dispon\u00edvel<br \/>\n\u2705 Jogos e desafios interativos para treinar ingl\u00eas sem esfor\u00e7o<br \/>\n\u2705 Plano de estudos completo e cronograma para manter sua rotina organizada<br \/>\n\u2705 Links para v\u00eddeos, ferramentas e recursos que v\u00e3o facilitar sua jornada<br \/>\n\u2705 Entrevistas simuladas para voc\u00ea treinar e ganhar confian\u00e7a para qualquer oportunidade<br \/>\n\u2705 Estrat\u00e9gias para aprender vocabul\u00e1rio sem precisar decorar listas entediantes<br \/>\n\u2705 T\u00e9cnicas para destravar sua fala e parar de traduzir mentalmente<br \/>\n\u2705 Os erros mais comuns ao aprender ingl\u00eas e como evit\u00e1-los<br \/>\n\u2705 Exerc\u00edcios pr\u00e1ticos para melhorar sua escrita e gram\u00e1tica sem complica\u00e7\u00e3o<br \/>\n\u2705 Sugest\u00f5es de s\u00e9ries, m\u00fasicas e livros para aprender ingl\u00eas de forma natural<br \/>\n\u2705 Como desenvolver o pensamento em ingl\u00eas e abandonar a depend\u00eancia do portugu\u00eas<\/p>\n<p>\u2705 Atividades para treinar escuta ativa e entender falantes nativos com mais facilidade<br \/>\n\u2705 Como perder o medo de falar ingl\u00eas em p\u00fablico e ganhar confian\u00e7a na comunica\u00e7\u00e3o<br \/>\n\u2705 T\u00e9cnicas de memoriza\u00e7\u00e3o acelerada para aprender palavras e express\u00f5es com mais efici\u00eancia<br \/>\n\u2705 Como criar o h\u00e1bito di\u00e1rio de estudar ingl\u00eas sem se sentir sobrecarregado<br \/>\n\u2705 Dicas para melhorar sua pron\u00fancia e falar de forma clara e natural<br \/>\n\u2705 A ci\u00eancia por tr\u00e1s do aprendizado de idiomas e como us\u00e1-la a seu favor<br \/>\n\u2705 Ferramentas de intelig\u00eancia artificial e aplicativos que podem transformar seu aprendizado<br \/>\n\u2705 Como aprender ingl\u00eas sem precisar viajar para o exterior<\/p>\n<p>\ud83c\udfa4 B\u00f4nus Exclusivo: Acesso ao nosso Grupo de Conversa\u00e7\u00e3o em Ingl\u00eas!<br \/>\n\u2714 Pr\u00e1ticas di\u00e1rias \u00e0s 21h para destravar sua fala<br \/>\n\u2714 Temas envolventes para manter o aprendizado interessante<br \/>\n\u2714 Conex\u00e3o com outros estudantes para motiva\u00e7\u00e3o m\u00fatua<\/p>\n","protected":false},"excerpt":{"rendered":"<p><strong>Cursinho de Ingl\u00eas<span class=\"Apple-converted-space\">\u00a0 <\/span>+ Este guia = Sucesso<\/strong><\/p>\n<p>Este guia foi criado com o objetivo de oferecer suporte adicional para o estudo da l\u00edngua inglesa.<span class=\"Apple-converted-space\">\u00a0<\/span> Adverte-se o uso como tal (apoio) uma vez que o mesmo n\u00e3o se destina a substituir o estudo formal de ingl\u00eas (Curso\/Escola) e por isso recomenda-se o estudo em simult\u00e2neo.<\/p>\n","protected":false},"featured_media":17858,"comment_status":"open","ping_status":"closed","template":"","meta":{"_acf_changed":false},"product_brand":[],"product_cat":[107,113,114],"product_tag":[],"class_list":{"0":"post-13780","1":"product","2":"type-product","3":"status-publish","4":"has-post-thumbnail","6":"product_cat-ebooks","7":"product_cat-ingles-lingua","8":"product_cat-lingua","10":"first","11":"instock","12":"downloadable","13":"virtual","14":"taxable","15":"purchasable","16":"product-type-simple"},"acf":[],"jetpack_sharing_enabled":true,"_links":{"self":[{"href":"https:\/\/educavel.com\/ebooks\/wp-json\/wp\/v2\/product\/13780","targetHints":{"allow":["GET"]}}],"collection":[{"href":"https:\/\/educavel.com\/ebooks\/wp-json\/wp\/v2\/product"}],"about":[{"href":"https:\/\/educavel.com\/ebooks\/wp-json\/wp\/v2\/types\/product"}],"replies":[{"embeddable":true,"href":"https:\/\/educavel.com\/ebooks\/wp-json\/wp\/v2\/comments?post=13780"}],"wp:featuredmedia":[{"embeddable":true,"href":"https:\/\/educavel.com\/ebooks\/wp-json\/wp\/v2\/media\/17858"}],"wp:attachment":[{"href":"https:\/\/educavel.com\/ebooks\/wp-json\/wp\/v2\/media?parent=13780"}],"wp:term":[{"taxonomy":"product_brand","embeddable":true,"href":"https:\/\/educavel.com\/ebooks\/wp-json\/wp\/v2\/product_brand?post=13780"},{"taxonomy":"product_cat","embeddable":true,"href":"https:\/\/educavel.com\/ebooks\/wp-json\/wp\/v2\/product_cat?post=13780"},{"taxonomy":"product_tag","embeddable":true,"href":"https:\/\/educavel.com\/ebooks\/wp-json\/wp\/v2\/product_tag?post=13780"}],"curies":[{"name":"wp","href":"https:\/\/api.w.org\/{rel}","templated":true}]}}