{"id":13815,"date":"2025-06-26T08:11:07","date_gmt":"2025-06-26T07:11:07","guid":{"rendered":"https:\/\/educavel.com\/?post_type=product&#038;p=13815"},"modified":"2025-11-16T20:03:38","modified_gmt":"2025-11-16T20:03:38","slug":"emagrecimento-saudavel","status":"publish","type":"product","link":"https:\/\/educavel.com\/ebooks\/produto\/emagrecimento-saudavel\/","title":{"rendered":"Emagrecimento saud\u00e1vel"},"content":{"rendered":"","protected":false},"excerpt":{"rendered":"<p>Emagrecimento saud\u00e1vel \u00e9 a perda de peso de forma gradual e equilibrada, aliando uma alimenta\u00e7\u00e3o nutritiva, pr\u00e1tica regular de exerc\u00edcios f\u00edsicos e bons h\u00e1bitos de vida. O foco n\u00e3o \u00e9 apenas a est\u00e9tica, mas o bem-estar geral, preservando a sa\u00fade f\u00edsica e mental.<\/p>\n","protected":false},"featured_media":17873,"comment_status":"open","ping_status":"closed","template":"","meta":{"_acf_changed":false},"product_brand":[],"product_cat":[107],"product_tag":[],"class_list":{"0":"post-13815","1":"product","2":"type-product","3":"status-publish","4":"has-post-thumbnail","6":"product_cat-ebooks","8":"first","9":"instock","10":"downloadable","11":"virtual","12":"sold-individually","13":"taxable","14":"purchasable","15":"product-type-simple"},"acf":[],"jetpack_sharing_enabled":true,"_links":{"self":[{"href":"https:\/\/educavel.com\/ebooks\/wp-json\/wp\/v2\/product\/13815","targetHints":{"allow":["GET"]}}],"collection":[{"href":"https:\/\/educavel.com\/ebooks\/wp-json\/wp\/v2\/product"}],"about":[{"href":"https:\/\/educavel.com\/ebooks\/wp-json\/wp\/v2\/types\/product"}],"replies":[{"embeddable":true,"href":"https:\/\/educavel.com\/ebooks\/wp-json\/wp\/v2\/comments?post=13815"}],"wp:featuredmedia":[{"embeddable":true,"href":"https:\/\/educavel.com\/ebooks\/wp-json\/wp\/v2\/media\/17873"}],"wp:attachment":[{"href":"https:\/\/educavel.com\/ebooks\/wp-json\/wp\/v2\/media?parent=13815"}],"wp:term":[{"taxonomy":"product_brand","embeddable":true,"href":"https:\/\/educavel.com\/ebooks\/wp-json\/wp\/v2\/product_brand?post=13815"},{"taxonomy":"product_cat","embeddable":true,"href":"https:\/\/educavel.com\/ebooks\/wp-json\/wp\/v2\/product_cat?post=13815"},{"taxonomy":"product_tag","embeddable":true,"href":"https:\/\/educavel.com\/ebooks\/wp-json\/wp\/v2\/product_tag?post=13815"}],"curies":[{"name":"wp","href":"https:\/\/api.w.org\/{rel}","templated":true}]}}