{"id":15488,"date":"2025-07-30T09:16:35","date_gmt":"2025-07-30T08:16:35","guid":{"rendered":"https:\/\/educavel.com\/?post_type=product&#038;p=15488"},"modified":"2025-11-09T11:03:03","modified_gmt":"2025-11-09T11:03:03","slug":"emprego-em-mocambique","status":"publish","type":"product","link":"https:\/\/educavel.com\/ebooks\/produto\/emprego-em-mocambique\/","title":{"rendered":"COMO CONSEGUIR EMPREGO EM MO\u00c7AMBIQUE"},"content":{"rendered":"<p>Este eBook foi criado para ajudar mo\u00e7ambicanos que est\u00e3o \u00e0 procura do primeiro emprego ou que t\u00eam dificuldades em encontrar oportunidades.<\/p>\n<p>De forma clara, pr\u00e1tica e motivadora, o guia mostra como criar um CV mesmo sem experi\u00eancia, como escrever uma carta de apresenta\u00e7\u00e3o que se destaque, onde procurar vagas, como se preparar para entrevistas e como usar o networking a teu favor.<\/p>\n<p>Com exemplos reais, dicas locais e um tom acess\u00edvel, \u00e9 um verdadeiro passo a passo para quem quer dar os primeiros passos no mercado de trabalho em Mo\u00e7ambique.<\/p>\n<p>Ideal para jovens, rec\u00e9m-formados ou qualquer pessoa que queira mudar de vida e conquistar independ\u00eancia.<\/p>\n","protected":false},"excerpt":{"rendered":"<p>Um guia pr\u00e1tico e motivador que ensina, passo a passo, como conseguir o primeiro emprego em Mo\u00e7ambique, mesmo sem experi\u00eancia ou contactos.<\/p>\n","protected":false},"featured_media":15489,"comment_status":"open","ping_status":"closed","template":"","meta":{"_acf_changed":false},"product_brand":[],"product_cat":[107],"product_tag":[],"class_list":{"0":"post-15488","1":"product","2":"type-product","3":"status-publish","4":"has-post-thumbnail","6":"product_cat-ebooks","8":"first","9":"instock","10":"downloadable","11":"virtual","12":"taxable","13":"purchasable","14":"product-type-simple"},"acf":[],"jetpack_sharing_enabled":true,"_links":{"self":[{"href":"https:\/\/educavel.com\/ebooks\/wp-json\/wp\/v2\/product\/15488","targetHints":{"allow":["GET"]}}],"collection":[{"href":"https:\/\/educavel.com\/ebooks\/wp-json\/wp\/v2\/product"}],"about":[{"href":"https:\/\/educavel.com\/ebooks\/wp-json\/wp\/v2\/types\/product"}],"replies":[{"embeddable":true,"href":"https:\/\/educavel.com\/ebooks\/wp-json\/wp\/v2\/comments?post=15488"}],"wp:featuredmedia":[{"embeddable":true,"href":"https:\/\/educavel.com\/ebooks\/wp-json\/wp\/v2\/media\/15489"}],"wp:attachment":[{"href":"https:\/\/educavel.com\/ebooks\/wp-json\/wp\/v2\/media?parent=15488"}],"wp:term":[{"taxonomy":"product_brand","embeddable":true,"href":"https:\/\/educavel.com\/ebooks\/wp-json\/wp\/v2\/product_brand?post=15488"},{"taxonomy":"product_cat","embeddable":true,"href":"https:\/\/educavel.com\/ebooks\/wp-json\/wp\/v2\/product_cat?post=15488"},{"taxonomy":"product_tag","embeddable":true,"href":"https:\/\/educavel.com\/ebooks\/wp-json\/wp\/v2\/product_tag?post=15488"}],"curies":[{"name":"wp","href":"https:\/\/api.w.org\/{rel}","templated":true}]}}