{"id":16059,"date":"2025-09-06T13:11:19","date_gmt":"2025-09-06T12:11:19","guid":{"rendered":"https:\/\/educavel.com\/?post_type=product&#038;p=16059"},"modified":"2025-11-16T19:15:23","modified_gmt":"2025-11-16T19:15:23","slug":"kira-historias-de-coragem","status":"publish","type":"product","link":"https:\/\/educavel.com\/ebooks\/produto\/kira-historias-de-coragem\/","title":{"rendered":"Kira: Hist\u00f3rias de Coragem"},"content":{"rendered":"<p>Uma hist\u00f3ria intensa sobre dor, supera\u00e7\u00e3o e amor. Kira cresceu enfrentando dificuldades que muitas meninas nem imaginam. Humilha\u00e7\u00e3o, pobreza, luto, amea\u00e7as e perigos quase destru\u00edram seus sonhos. Mas a for\u00e7a de sua alma a manteve firme.* *Do fundo do po\u00e7o ao brilho da esperan\u00e7a, Kira mostra que n\u00e3o importa o quanto a vida tente derrub\u00e1-la &#8211; sempre haver\u00e1 um novo come\u00e7o.* *Entre encontros inesperados, trai\u00e7\u00f5es, reden\u00e7\u00e3o e um amor verdadeiro, essa \u00e9 uma hist\u00f3ria que vai tocar o cora\u00e7\u00e3o de quem acredita na coragem de recome\u00e7ar.<\/p>\n","protected":false},"excerpt":{"rendered":"<p>Kira enfrenta desafios com bravura e cora\u00e7\u00e3o. Hist\u00f3rias curtas que inspiram coragem, esperan\u00e7a e supera\u00e7\u00e3o em cada p\u00e1gina. Um convite para acreditar na pr\u00f3pria for\u00e7a.<\/p>\n","protected":false},"featured_media":17853,"comment_status":"open","ping_status":"closed","template":"","meta":{"_acf_changed":false},"product_brand":[],"product_cat":[107],"product_tag":[],"class_list":{"0":"post-16059","1":"product","2":"type-product","3":"status-publish","4":"has-post-thumbnail","6":"product_cat-ebooks","8":"first","9":"instock","10":"downloadable","11":"virtual","12":"taxable","13":"purchasable","14":"product-type-simple"},"acf":[],"jetpack_sharing_enabled":true,"_links":{"self":[{"href":"https:\/\/educavel.com\/ebooks\/wp-json\/wp\/v2\/product\/16059","targetHints":{"allow":["GET"]}}],"collection":[{"href":"https:\/\/educavel.com\/ebooks\/wp-json\/wp\/v2\/product"}],"about":[{"href":"https:\/\/educavel.com\/ebooks\/wp-json\/wp\/v2\/types\/product"}],"replies":[{"embeddable":true,"href":"https:\/\/educavel.com\/ebooks\/wp-json\/wp\/v2\/comments?post=16059"}],"wp:featuredmedia":[{"embeddable":true,"href":"https:\/\/educavel.com\/ebooks\/wp-json\/wp\/v2\/media\/17853"}],"wp:attachment":[{"href":"https:\/\/educavel.com\/ebooks\/wp-json\/wp\/v2\/media?parent=16059"}],"wp:term":[{"taxonomy":"product_brand","embeddable":true,"href":"https:\/\/educavel.com\/ebooks\/wp-json\/wp\/v2\/product_brand?post=16059"},{"taxonomy":"product_cat","embeddable":true,"href":"https:\/\/educavel.com\/ebooks\/wp-json\/wp\/v2\/product_cat?post=16059"},{"taxonomy":"product_tag","embeddable":true,"href":"https:\/\/educavel.com\/ebooks\/wp-json\/wp\/v2\/product_tag?post=16059"}],"curies":[{"name":"wp","href":"https:\/\/api.w.org\/{rel}","templated":true}]}}