{"id":16062,"date":"2025-09-06T13:18:12","date_gmt":"2025-09-06T12:18:12","guid":{"rendered":"https:\/\/educavel.com\/?post_type=product&#038;p=16062"},"modified":"2025-11-16T19:13:52","modified_gmt":"2025-11-16T19:13:52","slug":"financas-e-investimento","status":"publish","type":"product","link":"https:\/\/educavel.com\/ebooks\/produto\/financas-e-investimento\/","title":{"rendered":"Finan\u00e7as e investimento"},"content":{"rendered":"<p>Descubra como transformar sua rela\u00e7\u00e3o com o dinheiro e dar os primeiros passos rumo \u00e0 independ\u00eancia financeira! Este ebook re\u00fane conceitos claros e estrat\u00e9gias pr\u00e1ticas de finan\u00e7as pessoais e investimentos, explicados de forma simples e acess\u00edvel para qualquer pessoa, mesmo que esteja come\u00e7ando do zero. Aqui voc\u00ea vai aprender: \u2705 Como organizar suas finan\u00e7as pessoais e evitar d\u00edvidas. \u2705 Estrat\u00e9gias de poupan\u00e7a inteligentes para alcan\u00e7ar seus objetivos. \u2705 Introdu\u00e7\u00e3o aos principais tipos de investimento (renda fixa, a\u00e7\u00f5es, fundos, etc.). \u2705 Dicas para multiplicar seu dinheiro de forma segura e consistente. \u2705 Mentalidade financeira para construir riqueza a longo prazo. Seja para conquistar estabilidade, realizar sonhos ou come\u00e7ar a investir com confian\u00e7a, este guia \u00e9 o ponto de partida ideal para transformar conhecimento em liberdade financeira<\/p>\n","protected":false},"excerpt":{"rendered":"<p>Descubra como transformar sua rela\u00e7\u00e3o com o dinheiro e dar os primeiros passos rumo \u00e0 independ\u00eancia financeira! Este ebook re\u00fane conceitos claros e estrat\u00e9gias pr\u00e1ticas de finan\u00e7as pessoais e investimentos, explicados de forma simples e acess\u00edvel para qualquer pessoa, mesmo que esteja come\u00e7ando do zero.<\/p>\n","protected":false},"featured_media":17863,"comment_status":"open","ping_status":"closed","template":"","meta":{"_acf_changed":false},"product_brand":[],"product_cat":[107],"product_tag":[],"class_list":{"0":"post-16062","1":"product","2":"type-product","3":"status-publish","4":"has-post-thumbnail","6":"product_cat-ebooks","8":"first","9":"instock","10":"downloadable","11":"virtual","12":"taxable","13":"purchasable","14":"product-type-simple"},"acf":[],"jetpack_sharing_enabled":true,"_links":{"self":[{"href":"https:\/\/educavel.com\/ebooks\/wp-json\/wp\/v2\/product\/16062","targetHints":{"allow":["GET"]}}],"collection":[{"href":"https:\/\/educavel.com\/ebooks\/wp-json\/wp\/v2\/product"}],"about":[{"href":"https:\/\/educavel.com\/ebooks\/wp-json\/wp\/v2\/types\/product"}],"replies":[{"embeddable":true,"href":"https:\/\/educavel.com\/ebooks\/wp-json\/wp\/v2\/comments?post=16062"}],"wp:featuredmedia":[{"embeddable":true,"href":"https:\/\/educavel.com\/ebooks\/wp-json\/wp\/v2\/media\/17863"}],"wp:attachment":[{"href":"https:\/\/educavel.com\/ebooks\/wp-json\/wp\/v2\/media?parent=16062"}],"wp:term":[{"taxonomy":"product_brand","embeddable":true,"href":"https:\/\/educavel.com\/ebooks\/wp-json\/wp\/v2\/product_brand?post=16062"},{"taxonomy":"product_cat","embeddable":true,"href":"https:\/\/educavel.com\/ebooks\/wp-json\/wp\/v2\/product_cat?post=16062"},{"taxonomy":"product_tag","embeddable":true,"href":"https:\/\/educavel.com\/ebooks\/wp-json\/wp\/v2\/product_tag?post=16062"}],"curies":[{"name":"wp","href":"https:\/\/api.w.org\/{rel}","templated":true}]}}