{"id":16081,"date":"2025-09-11T19:32:24","date_gmt":"2025-09-11T18:32:24","guid":{"rendered":"https:\/\/educavel.com\/?post_type=product&#038;p=16081"},"modified":"2025-11-16T19:10:19","modified_gmt":"2025-11-16T19:10:19","slug":"dividas-nunca-mais-a-formula-para-sair-do-sufoco-e-criar-riqueza","status":"publish","type":"product","link":"https:\/\/educavel.com\/ebooks\/produto\/dividas-nunca-mais-a-formula-para-sair-do-sufoco-e-criar-riqueza\/","title":{"rendered":"D\u00cdVIDAS NUNCA MAIS &#8211; A F\u00f3rmula para Sair do Sufoco e Criar Riqueza"},"content":{"rendered":"<p>Este eBook apresenta um m\u00e9todo pr\u00e1tico e acess\u00edvel para eliminar d\u00edvidas e construir riqueza. Em D\u00edvidas Nunca Mais \u2014 A F\u00f3rmula para Sair do Sufoco e Criar Riqueza, explica a cria\u00e7\u00e3o da Reserva de Oportunidade e ensina um roteiro passo a passo: diagn\u00f3stico financeiro, corte de despesas, estrat\u00e9gias de pagamento de d\u00edvidas, poupan\u00e7a estrat\u00e9gica e formas seguras de investimento. Inclui tamb\u00e9m t\u00e1ticas para aumentar rendimentos, criar m\u00faltiplas fontes de renda e desenvolver a mentalidade necess\u00e1ria para manter a estabilidade financeira. Ideal para quem est\u00e1 sufocado de d\u00edvidas ou quer atingir prosperidade duradoura.<\/p>\n","protected":false},"excerpt":{"rendered":"<p>Guia pr\u00e1tico para sair do sufoco, eliminar d\u00edvidas e criar riqueza com a f\u00f3rmula da Reserva de Oportunidade liberdade financeira ao teu alcance.<\/p>\n","protected":false},"featured_media":17855,"comment_status":"open","ping_status":"closed","template":"","meta":{"_acf_changed":false},"product_brand":[],"product_cat":[107],"product_tag":[],"class_list":{"0":"post-16081","1":"product","2":"type-product","3":"status-publish","4":"has-post-thumbnail","6":"product_cat-ebooks","8":"first","9":"instock","10":"downloadable","11":"virtual","12":"taxable","13":"purchasable","14":"product-type-simple"},"acf":[],"jetpack_sharing_enabled":true,"_links":{"self":[{"href":"https:\/\/educavel.com\/ebooks\/wp-json\/wp\/v2\/product\/16081","targetHints":{"allow":["GET"]}}],"collection":[{"href":"https:\/\/educavel.com\/ebooks\/wp-json\/wp\/v2\/product"}],"about":[{"href":"https:\/\/educavel.com\/ebooks\/wp-json\/wp\/v2\/types\/product"}],"replies":[{"embeddable":true,"href":"https:\/\/educavel.com\/ebooks\/wp-json\/wp\/v2\/comments?post=16081"}],"wp:featuredmedia":[{"embeddable":true,"href":"https:\/\/educavel.com\/ebooks\/wp-json\/wp\/v2\/media\/17855"}],"wp:attachment":[{"href":"https:\/\/educavel.com\/ebooks\/wp-json\/wp\/v2\/media?parent=16081"}],"wp:term":[{"taxonomy":"product_brand","embeddable":true,"href":"https:\/\/educavel.com\/ebooks\/wp-json\/wp\/v2\/product_brand?post=16081"},{"taxonomy":"product_cat","embeddable":true,"href":"https:\/\/educavel.com\/ebooks\/wp-json\/wp\/v2\/product_cat?post=16081"},{"taxonomy":"product_tag","embeddable":true,"href":"https:\/\/educavel.com\/ebooks\/wp-json\/wp\/v2\/product_tag?post=16081"}],"curies":[{"name":"wp","href":"https:\/\/api.w.org\/{rel}","templated":true}]}}