{"id":16095,"date":"2025-09-12T15:15:44","date_gmt":"2025-09-12T14:15:44","guid":{"rendered":"https:\/\/educavel.com\/?post_type=product&#038;p=16095"},"modified":"2025-11-16T19:08:37","modified_gmt":"2025-11-16T19:08:37","slug":"desista-do-suicidio-mitos-e-verdades","status":"publish","type":"product","link":"https:\/\/educavel.com\/ebooks\/produto\/desista-do-suicidio-mitos-e-verdades\/","title":{"rendered":"Desista do suic\u00eddio-Mitos e verdades"},"content":{"rendered":"<p><strong>Desista do Suic\u00eddio \u2013 Mitos e Verdades<\/strong> desmistifica ideias perigosas sobre o suic\u00eddio, esclarece verdades ignoradas e oferece palavras de apoio, acolhimento e esperan\u00e7a. Escrito com empatia e sensibilidade, \u00e9 uma leitura que salva, orienta e toca profundamente o cora\u00e7\u00e3o.<\/p>\n<p>Ideal para:<\/p>\n<ul>\n<li>Pessoas em sofrimento emocional<\/li>\n<li>Familiares e amigos que desejam ajudar<\/li>\n<li>Profissionais e volunt\u00e1rios da \u00e1rea da sa\u00fade mental<\/li>\n<\/ul>\n<p>Quem deseja entender melhor o tema e contribuir para a preven\u00e7\u00e3o \ud83d\udc9b Lembre-se: se precisar, pe\u00e7a ajuda. Adquira agora e leve uma mensagem de vida para quem mais precisa.<\/p>\n","protected":false},"excerpt":{"rendered":"<p>Este e-book \u00e9 um guia essencial para quem enfrenta pensamentos suicidas ou deseja ajudar algu\u00e9m em sofrimento emocional.<\/p>\n","protected":false},"featured_media":17854,"comment_status":"open","ping_status":"closed","template":"","meta":{"_acf_changed":false},"product_brand":[],"product_cat":[107],"product_tag":[],"class_list":{"0":"post-16095","1":"product","2":"type-product","3":"status-publish","4":"has-post-thumbnail","6":"product_cat-ebooks","8":"first","9":"instock","10":"downloadable","11":"virtual","12":"sold-individually","13":"taxable","14":"purchasable","15":"product-type-simple"},"acf":[],"jetpack_sharing_enabled":true,"_links":{"self":[{"href":"https:\/\/educavel.com\/ebooks\/wp-json\/wp\/v2\/product\/16095","targetHints":{"allow":["GET"]}}],"collection":[{"href":"https:\/\/educavel.com\/ebooks\/wp-json\/wp\/v2\/product"}],"about":[{"href":"https:\/\/educavel.com\/ebooks\/wp-json\/wp\/v2\/types\/product"}],"replies":[{"embeddable":true,"href":"https:\/\/educavel.com\/ebooks\/wp-json\/wp\/v2\/comments?post=16095"}],"wp:featuredmedia":[{"embeddable":true,"href":"https:\/\/educavel.com\/ebooks\/wp-json\/wp\/v2\/media\/17854"}],"wp:attachment":[{"href":"https:\/\/educavel.com\/ebooks\/wp-json\/wp\/v2\/media?parent=16095"}],"wp:term":[{"taxonomy":"product_brand","embeddable":true,"href":"https:\/\/educavel.com\/ebooks\/wp-json\/wp\/v2\/product_brand?post=16095"},{"taxonomy":"product_cat","embeddable":true,"href":"https:\/\/educavel.com\/ebooks\/wp-json\/wp\/v2\/product_cat?post=16095"},{"taxonomy":"product_tag","embeddable":true,"href":"https:\/\/educavel.com\/ebooks\/wp-json\/wp\/v2\/product_tag?post=16095"}],"curies":[{"name":"wp","href":"https:\/\/api.w.org\/{rel}","templated":true}]}}