{"id":17691,"date":"2025-11-13T14:52:51","date_gmt":"2025-11-13T14:52:51","guid":{"rendered":"https:\/\/educavel.com\/ebooks\/?post_type=product&#038;p=17691"},"modified":"2025-11-16T18:40:26","modified_gmt":"2025-11-16T18:40:26","slug":"escravo-da-tela","status":"publish","type":"product","link":"https:\/\/educavel.com\/ebooks\/produto\/escravo-da-tela\/","title":{"rendered":"ESCRAVO DA TELA"},"content":{"rendered":"<ol>\n<li>Escravos da tela \u2014 Como recuperar aten\u00e7\u00e3o, tempo e bem\u2011estar num mundo conectado<\/li>\n<li>Escravos da tela \u2014 Estrat\u00e9gias pr\u00e1ticas para vencer o v\u00edcio digital e viver melhor<\/li>\n<\/ol>\n<blockquote><p>Escravos da tela \u2014 Do scroll infinito \u00e0 vida com prop\u00f3sito<\/p><\/blockquote>\n","protected":false},"excerpt":{"rendered":"<p>Linha \u00fanica (impacto para capa ou post)<br \/>\nEscravos da tela \u2014 Como recuperar aten\u00e7\u00e3o, sono e produtividade num mundo conectado.<\/p>\n","protected":false},"featured_media":17850,"comment_status":"open","ping_status":"closed","template":"","meta":{"_acf_changed":false},"product_brand":[],"product_cat":[19],"product_tag":[105],"class_list":{"0":"post-17691","1":"product","2":"type-product","3":"status-publish","4":"has-post-thumbnail","6":"product_cat-ebook","7":"product_tag-amoradistancia","9":"first","10":"instock","11":"downloadable","12":"taxable","13":"shipping-taxable","14":"purchasable","15":"product-type-simple"},"acf":[],"jetpack_sharing_enabled":true,"_links":{"self":[{"href":"https:\/\/educavel.com\/ebooks\/wp-json\/wp\/v2\/product\/17691","targetHints":{"allow":["GET"]}}],"collection":[{"href":"https:\/\/educavel.com\/ebooks\/wp-json\/wp\/v2\/product"}],"about":[{"href":"https:\/\/educavel.com\/ebooks\/wp-json\/wp\/v2\/types\/product"}],"replies":[{"embeddable":true,"href":"https:\/\/educavel.com\/ebooks\/wp-json\/wp\/v2\/comments?post=17691"}],"wp:featuredmedia":[{"embeddable":true,"href":"https:\/\/educavel.com\/ebooks\/wp-json\/wp\/v2\/media\/17850"}],"wp:attachment":[{"href":"https:\/\/educavel.com\/ebooks\/wp-json\/wp\/v2\/media?parent=17691"}],"wp:term":[{"taxonomy":"product_brand","embeddable":true,"href":"https:\/\/educavel.com\/ebooks\/wp-json\/wp\/v2\/product_brand?post=17691"},{"taxonomy":"product_cat","embeddable":true,"href":"https:\/\/educavel.com\/ebooks\/wp-json\/wp\/v2\/product_cat?post=17691"},{"taxonomy":"product_tag","embeddable":true,"href":"https:\/\/educavel.com\/ebooks\/wp-json\/wp\/v2\/product_tag?post=17691"}],"curies":[{"name":"wp","href":"https:\/\/api.w.org\/{rel}","templated":true}]}}