{"id":17881,"date":"2025-11-17T09:05:10","date_gmt":"2025-11-17T09:05:10","guid":{"rendered":"https:\/\/educavel.com\/ebooks\/?post_type=product&#038;p=17881"},"modified":"2025-11-17T09:49:34","modified_gmt":"2025-11-17T09:49:34","slug":"a-esperanca-para-os-pobres","status":"publish","type":"product","link":"https:\/\/educavel.com\/ebooks\/produto\/a-esperanca-para-os-pobres\/","title":{"rendered":"A Esperan\u00e7a para os Pobres"},"content":{"rendered":"<p data-start=\"255\" data-end=\"684\">O e-book <em data-start=\"291\" data-end=\"321\">&#8220;A Esperan\u00e7a para os Pobres&#8221;<\/em> \u00e9 uma obra profunda e transformadora, que aborda a pobreza n\u00e3o apenas como uma condi\u00e7\u00e3o financeira, mas como uma realidade que afeta a mente, o cora\u00e7\u00e3o e a alma das pessoas. Em tempos de grandes desafios, onde muitos se sentem presos a um ciclo sem sa\u00edda, este livro oferece uma luz de esperan\u00e7a e a convic\u00e7\u00e3o de que a mudan\u00e7a come\u00e7a de dentro de cada indiv\u00edduo.<\/p>\n<p data-start=\"686\" data-end=\"1040\">Este guia busca despertar nos leitores a compreens\u00e3o de que, mesmo nas situa\u00e7\u00f5es mais dif\u00edceis, existe uma for\u00e7a interna capaz de transformar vidas. O conte\u00fado do livro \u00e9 composto por hist\u00f3rias inspiradoras de pessoas que superaram adversidades, t\u00e9cnicas pr\u00e1ticas que podem ser aplicadas no dia a dia e reflex\u00f5es que estimulam a a\u00e7\u00e3o e a mudan\u00e7a pessoal.<\/p>\n<p data-start=\"1042\" data-end=\"1457\">O prop\u00f3sito do e-book \u00e9 simples: motivar os leitores a acreditarem em si mesmos, a tomarem a decis\u00e3o de lutar por uma vida melhor e a perceberem que, com passos pequenos, \u00e9 poss\u00edvel construir um futuro mais digno e cheio de significado. A ideia central \u00e9 que, independentemente das circunst\u00e2ncias externas, a verdadeira mudan\u00e7a come\u00e7a no interior de cada um, na vontade de acreditar que um futuro melhor \u00e9 poss\u00edvel.<\/p>\n<p data-start=\"1459\" data-end=\"1909\" data-is-last-node=\"\" data-is-only-node=\"\">Este livro \u00e9 uma fonte de inspira\u00e7\u00e3o e incentivo, oferecendo n\u00e3o apenas conselhos pr\u00e1ticos, mas tamb\u00e9m uma vis\u00e3o clara de que a esperan\u00e7a e a mudan\u00e7a s\u00e3o poss\u00edveis quando se escolhe agir, acreditar e n\u00e3o desistir. Se voc\u00ea est\u00e1 passando por dificuldades ou sente que est\u00e1 preso em um ciclo negativo, <em data-start=\"1758\" data-end=\"1788\">&#8220;A Esperan\u00e7a para os Pobres&#8221;<\/em> \u00e9 o guia que pode ser o ponto de partida para transformar sua vida e encontrar a for\u00e7a necess\u00e1ria para seguir em frente.<\/p>\n","protected":false},"excerpt":{"rendered":"<p><em data-start=\"37\" data-end=\"67\">&#8220;A Esperan\u00e7a para os Pobres&#8221;<\/em> \u00e9 um e-book motivacional que oferece hist\u00f3rias inspiradoras, t\u00e9cnicas pr\u00e1ticas e reflex\u00f5es para ajudar os leitores a superar desafios e transformar suas vidas, come\u00e7ando de dentro.<\/p>\n","protected":false},"featured_media":17886,"comment_status":"open","ping_status":"closed","template":"","meta":{"_acf_changed":false},"product_brand":[],"product_cat":[65],"product_tag":[],"class_list":{"0":"post-17881","1":"product","2":"type-product","3":"status-publish","4":"has-post-thumbnail","6":"product_cat-uncategorized","8":"first","9":"instock","10":"sale","11":"downloadable","12":"taxable","13":"shipping-taxable","14":"purchasable","15":"product-type-simple"},"acf":[],"jetpack_sharing_enabled":true,"_links":{"self":[{"href":"https:\/\/educavel.com\/ebooks\/wp-json\/wp\/v2\/product\/17881","targetHints":{"allow":["GET"]}}],"collection":[{"href":"https:\/\/educavel.com\/ebooks\/wp-json\/wp\/v2\/product"}],"about":[{"href":"https:\/\/educavel.com\/ebooks\/wp-json\/wp\/v2\/types\/product"}],"replies":[{"embeddable":true,"href":"https:\/\/educavel.com\/ebooks\/wp-json\/wp\/v2\/comments?post=17881"}],"wp:featuredmedia":[{"embeddable":true,"href":"https:\/\/educavel.com\/ebooks\/wp-json\/wp\/v2\/media\/17886"}],"wp:attachment":[{"href":"https:\/\/educavel.com\/ebooks\/wp-json\/wp\/v2\/media?parent=17881"}],"wp:term":[{"taxonomy":"product_brand","embeddable":true,"href":"https:\/\/educavel.com\/ebooks\/wp-json\/wp\/v2\/product_brand?post=17881"},{"taxonomy":"product_cat","embeddable":true,"href":"https:\/\/educavel.com\/ebooks\/wp-json\/wp\/v2\/product_cat?post=17881"},{"taxonomy":"product_tag","embeddable":true,"href":"https:\/\/educavel.com\/ebooks\/wp-json\/wp\/v2\/product_tag?post=17881"}],"curies":[{"name":"wp","href":"https:\/\/api.w.org\/{rel}","templated":true}]}}