{"id":17918,"date":"2025-11-20T13:45:14","date_gmt":"2025-11-20T11:45:14","guid":{"rendered":"https:\/\/educavel.com\/ebooks\/?post_type=product&#038;p=17918"},"modified":"2025-11-20T15:43:26","modified_gmt":"2025-11-20T13:43:26","slug":"desperte-o-amor-em-30-dias","status":"publish","type":"product","link":"https:\/\/educavel.com\/ebooks\/produto\/desperte-o-amor-em-30-dias\/","title":{"rendered":"Desperte o Amor em 30 Dias"},"content":{"rendered":"<p><strong>O\u00a0<\/strong><strong>Desperte o Amor em 30 Dias <\/strong>\u2013 M\u00e9todo Esposo Namorado\u00a0<span class=\"ql-size-small\">nasceu de uma transforma\u00e7\u00e3o pessoal. <\/span><\/p>\n<p><span class=\"ql-size-small\">Eu, Cal\u00fa Munona, criei este m\u00e9todo primeiro para mim, quando percebi que meu relacionamento estava se tornando rotina e corria o risco de perder o brilho. Ao aplicar diariamente pequenos gestos, a\u00e7\u00f5es intencionais e exerc\u00edcios pr\u00e1ticos, n\u00e3o apenas reacendi a chama do meu amor, como tamb\u00e9m vi amigos pr\u00f3ximos viverem a mesma transforma\u00e7\u00e3o.<\/span><br \/>\n<span class=\"ql-size-small\">Este livro digital n\u00e3o \u00e9 teoria distante, mas um passo a passo pr\u00e1tico de 30 dias, cuidadosamente desenhado para casais que desejam:<\/span><\/p>\n<ul>\n<li><span class=\"ql-size-small\">Reconstruir a comunica\u00e7\u00e3o e eliminar os sil\u00eancios e brigas desnecess\u00e1rias.<\/span><\/li>\n<li><span class=\"ql-size-small\">Resgatar o carinho, a intimidade e o desejo que se perderam com o tempo.<\/span><\/li>\n<li><span class=\"ql-size-small\">Aprender a colocar o amor como prioridade, mesmo em meio \u00e0 correria.<\/span><\/li>\n<li><span class=\"ql-size-small\">Redescobrir o parceiro(a) como no in\u00edcio do relacionamento, mas com maturidade e prop\u00f3sito.<\/span><\/li>\n<\/ul>\n","protected":false},"excerpt":{"rendered":"<p><em data-start=\"262\" data-end=\"315\">Desperte o Amor em 30 Dias \u2013\u00a0<\/em><em data-start=\"262\" data-end=\"315\">M\u00e9todo Esposo Namorado<\/em><\/p>\n<p>N\u00e3o \u00e9 apenas um livro digital, \u00e9 um guia pr\u00e1tico que vai transformar a forma como voc\u00ea vive o seu relacionamento. Em apenas 30 dias, voc\u00ea e seu parceiro v\u00e3o redescobrir a conex\u00e3o, o desejo e a alegria de estar juntos, atrav\u00e9s de desafios simples, mas poderosos, que j\u00e1 impactaram diversos casais. Se voc\u00ea acredita que o amor n\u00e3o deve ser vivido no piloto autom\u00e1tico, este m\u00e9todo \u00e9 para voc\u00ea.<\/p>\n","protected":false},"featured_media":17923,"comment_status":"open","ping_status":"closed","template":"","meta":{"_acf_changed":false},"product_brand":[],"product_cat":[39],"product_tag":[119,38,176,109,110,111],"class_list":{"0":"post-17918","1":"product","2":"type-product","3":"status-publish","4":"has-post-thumbnail","6":"product_cat-books","7":"product_tag-bem-estar","8":"product_tag-books","9":"product_tag-familia","10":"product_tag-namoro","11":"product_tag-relacao","12":"product_tag-relationship","14":"first","15":"instock","16":"sale","17":"downloadable","18":"sold-individually","19":"taxable","20":"shipping-taxable","21":"purchasable","22":"product-type-simple"},"acf":[],"jetpack_sharing_enabled":true,"_links":{"self":[{"href":"https:\/\/educavel.com\/ebooks\/wp-json\/wp\/v2\/product\/17918","targetHints":{"allow":["GET"]}}],"collection":[{"href":"https:\/\/educavel.com\/ebooks\/wp-json\/wp\/v2\/product"}],"about":[{"href":"https:\/\/educavel.com\/ebooks\/wp-json\/wp\/v2\/types\/product"}],"replies":[{"embeddable":true,"href":"https:\/\/educavel.com\/ebooks\/wp-json\/wp\/v2\/comments?post=17918"}],"wp:featuredmedia":[{"embeddable":true,"href":"https:\/\/educavel.com\/ebooks\/wp-json\/wp\/v2\/media\/17923"}],"wp:attachment":[{"href":"https:\/\/educavel.com\/ebooks\/wp-json\/wp\/v2\/media?parent=17918"}],"wp:term":[{"taxonomy":"product_brand","embeddable":true,"href":"https:\/\/educavel.com\/ebooks\/wp-json\/wp\/v2\/product_brand?post=17918"},{"taxonomy":"product_cat","embeddable":true,"href":"https:\/\/educavel.com\/ebooks\/wp-json\/wp\/v2\/product_cat?post=17918"},{"taxonomy":"product_tag","embeddable":true,"href":"https:\/\/educavel.com\/ebooks\/wp-json\/wp\/v2\/product_tag?post=17918"}],"curies":[{"name":"wp","href":"https:\/\/api.w.org\/{rel}","templated":true}]}}