{"id":18068,"date":"2025-12-04T10:14:13","date_gmt":"2025-12-04T08:14:13","guid":{"rendered":"https:\/\/educavel.com\/ebooks\/?post_type=product&#038;p=18068"},"modified":"2025-12-04T12:20:24","modified_gmt":"2025-12-04T10:20:24","slug":"amor-para-uma-mente-ansiosa","status":"publish","type":"product","link":"https:\/\/educavel.com\/ebooks\/produto\/amor-para-uma-mente-ansiosa\/","title":{"rendered":"Amor para uma mente ansiosa"},"content":{"rendered":"<p class=\"p1\">Neste e-book, partilho algumas maneiras de cultivares um relacionamento nutritivo contigo mesmo, incluindo dicas, pr\u00e1ticas de aten\u00e7\u00e3o plena (<i>Mindfulness<\/i>), afirma\u00e7\u00f5es, <i>journaling<\/i> e muito mais.<\/p>\n<p class=\"p1\">Juntos, exploraremos como abra\u00e7ar o amor-pr\u00f3prio pode ser a chave para compreender melhor a ansiedade, e quem sabe, at\u00e9 superar\u00e1-la.<\/p>\n","protected":false},"excerpt":{"rendered":"<p class=\"p1\">Compreender que a ansiedade geralmente surge quando nos sentimos desconectados de n\u00f3s mesmos ou sobrecarregados pelos desafios da vida, \u00e9 crucial aprenderes a tratares-te com gentileza, paci\u00eancia e compaix\u00e3o, e a\u00ed sim, podes come\u00e7ar a mudar a tua mentalidade e a lidar com ela de uma forma mais neutra.<\/p>\n","protected":false},"featured_media":18072,"comment_status":"open","ping_status":"closed","template":"","meta":{"_acf_changed":false},"product_brand":[],"product_cat":[15],"product_tag":[119,38],"class_list":{"0":"post-18068","1":"product","2":"type-product","3":"status-publish","4":"has-post-thumbnail","6":"product_cat-sem-categoria","7":"product_tag-bem-estar","8":"product_tag-books","10":"first","11":"instock","12":"downloadable","13":"taxable","14":"shipping-taxable","15":"purchasable","16":"product-type-simple"},"acf":[],"jetpack_sharing_enabled":true,"_links":{"self":[{"href":"https:\/\/educavel.com\/ebooks\/wp-json\/wp\/v2\/product\/18068","targetHints":{"allow":["GET"]}}],"collection":[{"href":"https:\/\/educavel.com\/ebooks\/wp-json\/wp\/v2\/product"}],"about":[{"href":"https:\/\/educavel.com\/ebooks\/wp-json\/wp\/v2\/types\/product"}],"replies":[{"embeddable":true,"href":"https:\/\/educavel.com\/ebooks\/wp-json\/wp\/v2\/comments?post=18068"}],"wp:featuredmedia":[{"embeddable":true,"href":"https:\/\/educavel.com\/ebooks\/wp-json\/wp\/v2\/media\/18072"}],"wp:attachment":[{"href":"https:\/\/educavel.com\/ebooks\/wp-json\/wp\/v2\/media?parent=18068"}],"wp:term":[{"taxonomy":"product_brand","embeddable":true,"href":"https:\/\/educavel.com\/ebooks\/wp-json\/wp\/v2\/product_brand?post=18068"},{"taxonomy":"product_cat","embeddable":true,"href":"https:\/\/educavel.com\/ebooks\/wp-json\/wp\/v2\/product_cat?post=18068"},{"taxonomy":"product_tag","embeddable":true,"href":"https:\/\/educavel.com\/ebooks\/wp-json\/wp\/v2\/product_tag?post=18068"}],"curies":[{"name":"wp","href":"https:\/\/api.w.org\/{rel}","templated":true}]}}