{"id":18093,"date":"2025-12-09T00:07:06","date_gmt":"2025-12-08T22:07:06","guid":{"rendered":"https:\/\/educavel.com\/ebooks\/?post_type=product&#038;p=18093"},"modified":"2025-12-15T12:07:53","modified_gmt":"2025-12-15T10:07:53","slug":"liberte-se-das-dividas-7-passos-para-a-sua-liberdade-financeira-em-mocambique","status":"publish","type":"product","link":"https:\/\/educavel.com\/ebooks\/produto\/liberte-se-das-dividas-7-passos-para-a-sua-liberdade-financeira-em-mocambique\/","title":{"rendered":"Liberte-se das dividas: 7 Passos Para a sua Liberdade Financeira em Mo\u00e7ambique"},"content":{"rendered":"<p>Este eBook \u00e9 um guia totalmente pr\u00e1tico criado para a realidade mo\u00e7ambicana, mostrando passo a passo como qualquer pessoa \u2014 mesmo ganhando um pouco \u2014 pode assumir o controle das suas finan\u00e7as. Com linguagem simples e exemplos reais, Paulino Camala apresenta um m\u00e9todo comprovado em 7 passos: descobrir para onde vai o dinheiro, diferenciar necessidades de desejos, criar um or\u00e7amento realista, livrar-se das d\u00edvidas, poupar de forma inteligente, criar fontes de renda extra e investir em si mesmo. \u00c9 um manual completo para jovens e adultos que querem parar de sobreviver m\u00eas a m\u00eas e come\u00e7ar a construir verdadeira liberdade financeira em apenas 90 dias.<\/p>\n","protected":false},"excerpt":{"rendered":"<p>Um guia simples e pr\u00e1tico com 7 passos que ajudam jovens e adultos mo\u00e7ambicanos a organizar suas finan\u00e7as, sair das d\u00edvidas, poupar e construir liberdade financeira de forma realista.<\/p>\n","protected":false},"featured_media":18095,"comment_status":"closed","ping_status":"closed","template":"","meta":{"_acf_changed":false},"product_brand":[],"product_cat":[15],"product_tag":[38,140,141],"class_list":{"0":"post-18093","1":"product","2":"type-product","3":"status-publish","4":"has-post-thumbnail","6":"product_cat-sem-categoria","7":"product_tag-books","8":"product_tag-dinheiro","9":"product_tag-ebookfinancas","11":"first","12":"instock","13":"sale","14":"downloadable","15":"sold-individually","16":"taxable","17":"shipping-taxable","18":"purchasable","19":"product-type-simple"},"acf":[],"jetpack_sharing_enabled":true,"_links":{"self":[{"href":"https:\/\/educavel.com\/ebooks\/wp-json\/wp\/v2\/product\/18093","targetHints":{"allow":["GET"]}}],"collection":[{"href":"https:\/\/educavel.com\/ebooks\/wp-json\/wp\/v2\/product"}],"about":[{"href":"https:\/\/educavel.com\/ebooks\/wp-json\/wp\/v2\/types\/product"}],"replies":[{"embeddable":true,"href":"https:\/\/educavel.com\/ebooks\/wp-json\/wp\/v2\/comments?post=18093"}],"wp:featuredmedia":[{"embeddable":true,"href":"https:\/\/educavel.com\/ebooks\/wp-json\/wp\/v2\/media\/18095"}],"wp:attachment":[{"href":"https:\/\/educavel.com\/ebooks\/wp-json\/wp\/v2\/media?parent=18093"}],"wp:term":[{"taxonomy":"product_brand","embeddable":true,"href":"https:\/\/educavel.com\/ebooks\/wp-json\/wp\/v2\/product_brand?post=18093"},{"taxonomy":"product_cat","embeddable":true,"href":"https:\/\/educavel.com\/ebooks\/wp-json\/wp\/v2\/product_cat?post=18093"},{"taxonomy":"product_tag","embeddable":true,"href":"https:\/\/educavel.com\/ebooks\/wp-json\/wp\/v2\/product_tag?post=18093"}],"curies":[{"name":"wp","href":"https:\/\/api.w.org\/{rel}","templated":true}]}}