{"id":18115,"date":"2025-12-26T13:41:04","date_gmt":"2025-12-26T11:41:04","guid":{"rendered":"https:\/\/educavel.com\/ebooks\/?post_type=product&#038;p=18115"},"modified":"2025-12-26T13:41:05","modified_gmt":"2025-12-26T11:41:05","slug":"love-hurts-o-viuvo-elgar-miles","status":"publish","type":"product","link":"https:\/\/educavel.com\/ebooks\/produto\/love-hurts-o-viuvo-elgar-miles\/","title":{"rendered":"Love Hurts: O vi\u00favo &#8211; Elgar Miles"},"content":{"rendered":"","protected":false},"excerpt":{"rendered":"<p>&#8220;Love Hurts: o Vi\u00favo&#8221; \u00e9 uma emocionante est\u00f3ria real de Miles e Ana, um casal unido pela m\u00fasica e por um amor intenso. Juntos, fundam o est\u00fadio MvrsOdyssey em Roma e enfrentam in\u00fameros desafios, at\u00e9 que uma trag\u00e9dia inesperada interrompe os seus sonhos. A narrativa acompanha a jornada de luto e supera\u00e7\u00e3o de Miles, que transforma a sua dor numa miss\u00e3o para eternizar o amor que viveram. Uma obra sobre a perda, a mem\u00f3ria e a cren\u00e7a de que o verdadeiro amor transcende a morte.<\/p>\n","protected":false},"featured_media":18116,"comment_status":"open","ping_status":"closed","template":"","meta":{"_acf_changed":false},"product_brand":[],"product_cat":[15],"product_tag":[],"class_list":{"0":"post-18115","1":"product","2":"type-product","3":"status-publish","4":"has-post-thumbnail","6":"product_cat-sem-categoria","8":"first","9":"instock","10":"downloadable","11":"virtual","12":"purchasable","13":"product-type-simple"},"acf":[],"jetpack_sharing_enabled":true,"_links":{"self":[{"href":"https:\/\/educavel.com\/ebooks\/wp-json\/wp\/v2\/product\/18115","targetHints":{"allow":["GET"]}}],"collection":[{"href":"https:\/\/educavel.com\/ebooks\/wp-json\/wp\/v2\/product"}],"about":[{"href":"https:\/\/educavel.com\/ebooks\/wp-json\/wp\/v2\/types\/product"}],"replies":[{"embeddable":true,"href":"https:\/\/educavel.com\/ebooks\/wp-json\/wp\/v2\/comments?post=18115"}],"wp:featuredmedia":[{"embeddable":true,"href":"https:\/\/educavel.com\/ebooks\/wp-json\/wp\/v2\/media\/18116"}],"wp:attachment":[{"href":"https:\/\/educavel.com\/ebooks\/wp-json\/wp\/v2\/media?parent=18115"}],"wp:term":[{"taxonomy":"product_brand","embeddable":true,"href":"https:\/\/educavel.com\/ebooks\/wp-json\/wp\/v2\/product_brand?post=18115"},{"taxonomy":"product_cat","embeddable":true,"href":"https:\/\/educavel.com\/ebooks\/wp-json\/wp\/v2\/product_cat?post=18115"},{"taxonomy":"product_tag","embeddable":true,"href":"https:\/\/educavel.com\/ebooks\/wp-json\/wp\/v2\/product_tag?post=18115"}],"curies":[{"name":"wp","href":"https:\/\/api.w.org\/{rel}","templated":true}]}}