{"id":18171,"date":"2026-01-14T00:20:33","date_gmt":"2026-01-13T22:20:33","guid":{"rendered":"https:\/\/educavel.com\/ebooks\/?post_type=product&#038;p=18171"},"modified":"2026-02-14T00:47:13","modified_gmt":"2026-02-13T22:47:13","slug":"como-faturar-milhoes-na-internet","status":"publish","type":"product","link":"https:\/\/educavel.com\/ebooks\/produto\/como-faturar-milhoes-na-internet\/","title":{"rendered":"COMO FATURAR MILH\u00d5ES NA INTERNET"},"content":{"rendered":"<p>&#8220;Como Faturar Milh\u00f5es na Internet &#8221;<\/p>\n<p>&nbsp;<\/p>\n<p>&nbsp;<\/p>\n<p>&nbsp;<\/p>\n<p>&nbsp;<\/p>\n<p>Este e-book \u00e9 um guia completo e pr\u00e1tico para quem deseja transformar o acesso \u00e0 internet em uma verdadeira fonte de renda. Adaptado \u00e0 realidade de Mo\u00e7ambique, ele apresenta estrat\u00e9gias atualizadas, m\u00e9todos acess\u00edveis e caminhos simples para iniciar um neg\u00f3cio digital mesmo com poucos recursos.<\/p>\n<p>&nbsp;<\/p>\n<p>&nbsp;<\/p>\n<p>&nbsp;<\/p>\n<p>&nbsp;<\/p>\n<p>Voc\u00ea vai aprender:<\/p>\n<p>&nbsp;<\/p>\n<p>&#8211; Como identificar oportunidades digitais no contexto mo\u00e7ambicano<\/p>\n<p>&nbsp;<\/p>\n<p>&#8211; Dicas para vender produtos ou servi\u00e7os online com M-Pesa, E-Mola e carteiras m\u00f3veis<\/p>\n<p>&nbsp;<\/p>\n<p>&#8211; Estrat\u00e9gias de marketing digital que funcionam mesmo sem seguidores<\/p>\n<p>&nbsp;<\/p>\n<p>&#8211; Como criar fontes de renda passiva usando redes sociais, afiliados, e plataformas como Hotmart ou Payhip<\/p>\n<p>&nbsp;<\/p>\n<p>&#8211; Passo a passo para criar sua pr\u00f3pria marca e escalar seus ganhos<\/p>\n<p>&nbsp;<\/p>\n<p>&nbsp;<\/p>\n<p>&nbsp;<\/p>\n<p>&nbsp;<\/p>\n<p>Ideal para jovens empreendedores, estudantes, desempregados ou qualquer pessoa que deseja alcan\u00e7ar a liberdade financeira usando apenas o celular e a internet.<\/p>\n<p>&nbsp;<\/p>\n<p>&nbsp;<\/p>\n<p>&nbsp;<\/p>\n<p>&nbsp;<\/p>\n<p>Comece hoje a construir o seu sucesso digital em Mo\u00e7ambique.<\/p>\n<p>&nbsp;<\/p>\n<ol>\n<li>Faturar milh\u00f5es \u00e9 poss\u00edvel \u2014 e este livro mostra o caminho.<\/li>\n<\/ol>\n","protected":false},"excerpt":{"rendered":"<p>&#8220;Como Faturar Milh\u00f5es na Internet &#8221;<\/p>\n<p>&nbsp;<\/p>\n<p>Este e-book \u00e9 um guia completo e pr\u00e1tico para quem deseja transformar o acesso \u00e0 internet em uma verdadeira fonte de renda. Adaptado \u00e0 realidade de Mo\u00e7ambique, ele apresenta estrat\u00e9gias atualizadas, m\u00e9todos acess\u00edveis e caminhos simples para iniciar um neg\u00f3cio digital mesmo com poucos recursos.<\/p>\n<p>&nbsp;<\/p>\n<p>Voc\u00ea vai aprender:<\/p>\n<p>&#8211; Como identificar oportunidades digitais no contexto mo\u00e7ambicano<\/p>\n<p>&#8211; Dicas para vender produtos ou servi\u00e7os online com M-Pesa, E-Mola e carteiras m\u00f3veis<\/p>\n<p>&#8211; Estrat\u00e9gias de marketing digital que funcionam mesmo sem seguidores<\/p>\n<p>&#8211; Como criar fontes de renda passiva usando redes sociais, afiliados, e plataformas como Hotmart ou Payhip<\/p>\n<p>&#8211; Passo a passo para criar sua pr\u00f3pria marca e escalar seus ganhos<\/p>\n<p>&nbsp;<\/p>\n<p>Ideal para jovens empreendedores, estudantes, desempregados ou qualquer pessoa que deseja alcan\u00e7ar a liberdade financeira usando apenas o celular e a internet.<\/p>\n<p>&nbsp;<\/p>\n<p>Comece hoje a construir o seu sucesso digital em Mo\u00e7ambique.<\/p>\n<p>Faturar milh\u00f5es \u00e9 poss\u00edvel \u2014 e este livro mostra o caminho.<\/p>\n","protected":false},"featured_media":18172,"comment_status":"open","ping_status":"closed","template":"","meta":{"_acf_changed":false},"product_brand":[],"product_cat":[102],"product_tag":[],"class_list":{"0":"post-18171","1":"product","2":"type-product","3":"status-publish","4":"has-post-thumbnail","6":"product_cat-marketing","8":"first","9":"instock","10":"sale","11":"downloadable","12":"taxable","13":"shipping-taxable","14":"purchasable","15":"product-type-simple"},"acf":[],"jetpack_sharing_enabled":true,"_links":{"self":[{"href":"https:\/\/educavel.com\/ebooks\/wp-json\/wp\/v2\/product\/18171","targetHints":{"allow":["GET"]}}],"collection":[{"href":"https:\/\/educavel.com\/ebooks\/wp-json\/wp\/v2\/product"}],"about":[{"href":"https:\/\/educavel.com\/ebooks\/wp-json\/wp\/v2\/types\/product"}],"replies":[{"embeddable":true,"href":"https:\/\/educavel.com\/ebooks\/wp-json\/wp\/v2\/comments?post=18171"}],"wp:featuredmedia":[{"embeddable":true,"href":"https:\/\/educavel.com\/ebooks\/wp-json\/wp\/v2\/media\/18172"}],"wp:attachment":[{"href":"https:\/\/educavel.com\/ebooks\/wp-json\/wp\/v2\/media?parent=18171"}],"wp:term":[{"taxonomy":"product_brand","embeddable":true,"href":"https:\/\/educavel.com\/ebooks\/wp-json\/wp\/v2\/product_brand?post=18171"},{"taxonomy":"product_cat","embeddable":true,"href":"https:\/\/educavel.com\/ebooks\/wp-json\/wp\/v2\/product_cat?post=18171"},{"taxonomy":"product_tag","embeddable":true,"href":"https:\/\/educavel.com\/ebooks\/wp-json\/wp\/v2\/product_tag?post=18171"}],"curies":[{"name":"wp","href":"https:\/\/api.w.org\/{rel}","templated":true}]}}