{"id":18178,"date":"2026-01-14T14:11:00","date_gmt":"2026-01-14T12:11:00","guid":{"rendered":"https:\/\/educavel.com\/ebooks\/?post_type=product&#038;p=18178"},"modified":"2026-02-13T21:19:04","modified_gmt":"2026-02-13T19:19:04","slug":"barriga-seca-em-21-dias","status":"publish","type":"product","link":"https:\/\/educavel.com\/ebooks\/produto\/barriga-seca-em-21-dias\/","title":{"rendered":"Barriga Seca em 21 Dias"},"content":{"rendered":"<blockquote>\n<ol>\n<li>Barriga Seca em 21 Dias \u00e9 um guia pr\u00e1tico criado para quem sofre com barriga inchada e desconforto.<\/li>\n<\/ol>\n<\/blockquote>\n<p style=\"text-align: left\">Em apenas 21 dias, voc\u00ea aprende h\u00e1bitos simples para reduzir o incha\u00e7o, melhorar a digest\u00e3o e sentir o corpo mais leve, sem dietas extremas ou academia.<\/p>\n<p style=\"text-align: left\">Tudo explicado de forma clara, f\u00e1cil e acess\u00edvel.<\/p>\n","protected":false},"excerpt":{"rendered":"<ol>\n<li style=\"list-style-type: none\">\n<ol>\n<li>Guia pr\u00e1tico de 21 dias para reduzir barriga inchada e medidas com h\u00e1bitos simples, sem dietas extremas ou academia.<\/li>\n<\/ol>\n<\/li>\n<\/ol>\n","protected":false},"featured_media":18177,"comment_status":"open","ping_status":"closed","template":"","meta":{"_acf_changed":false},"product_brand":[],"product_cat":[15],"product_tag":[],"class_list":{"0":"post-18178","1":"product","2":"type-product","3":"status-publish","4":"has-post-thumbnail","6":"product_cat-sem-categoria","8":"first","9":"instock","10":"sale","11":"downloadable","12":"sold-individually","13":"taxable","14":"shipping-taxable","15":"purchasable","16":"product-type-simple"},"acf":[],"jetpack_sharing_enabled":true,"_links":{"self":[{"href":"https:\/\/educavel.com\/ebooks\/wp-json\/wp\/v2\/product\/18178","targetHints":{"allow":["GET"]}}],"collection":[{"href":"https:\/\/educavel.com\/ebooks\/wp-json\/wp\/v2\/product"}],"about":[{"href":"https:\/\/educavel.com\/ebooks\/wp-json\/wp\/v2\/types\/product"}],"replies":[{"embeddable":true,"href":"https:\/\/educavel.com\/ebooks\/wp-json\/wp\/v2\/comments?post=18178"}],"wp:featuredmedia":[{"embeddable":true,"href":"https:\/\/educavel.com\/ebooks\/wp-json\/wp\/v2\/media\/18177"}],"wp:attachment":[{"href":"https:\/\/educavel.com\/ebooks\/wp-json\/wp\/v2\/media?parent=18178"}],"wp:term":[{"taxonomy":"product_brand","embeddable":true,"href":"https:\/\/educavel.com\/ebooks\/wp-json\/wp\/v2\/product_brand?post=18178"},{"taxonomy":"product_cat","embeddable":true,"href":"https:\/\/educavel.com\/ebooks\/wp-json\/wp\/v2\/product_cat?post=18178"},{"taxonomy":"product_tag","embeddable":true,"href":"https:\/\/educavel.com\/ebooks\/wp-json\/wp\/v2\/product_tag?post=18178"}],"curies":[{"name":"wp","href":"https:\/\/api.w.org\/{rel}","templated":true}]}}