{"id":18183,"date":"2026-01-15T18:59:32","date_gmt":"2026-01-15T16:59:32","guid":{"rendered":"https:\/\/educavel.com\/ebooks\/?post_type=product&#038;p=18183"},"modified":"2026-01-19T19:24:23","modified_gmt":"2026-01-19T17:24:23","slug":"dominando-a-leitura","status":"publish","type":"product","link":"https:\/\/educavel.com\/ebooks\/produto\/dominando-a-leitura\/","title":{"rendered":"Dominando a leitura"},"content":{"rendered":"<p data-start=\"731\" data-end=\"894\"><strong data-start=\"734\" data-end=\"790\">Por que dominar m\u00e9todos de leitura \u00e9 t\u00e3o importante?<\/strong><br data-start=\"790\" data-end=\"793\" \/>Sem m\u00e9todos, a leitura pode se tornar cansativa, lenta e desmotivadora. Com as t\u00e9cnicas certas, voc\u00ea:<\/p>\n<ul data-start=\"895\" data-end=\"1056\">\n<li data-start=\"895\" data-end=\"921\">\n<p data-start=\"897\" data-end=\"921\">L\u00ea mais em menos tempo<\/p>\n<\/li>\n<li data-start=\"922\" data-end=\"959\">\n<p data-start=\"924\" data-end=\"959\">Absorve e ret\u00e9m melhor o conte\u00fado<\/p>\n<\/li>\n<li data-start=\"960\" data-end=\"994\">\n<p data-start=\"962\" data-end=\"994\">Mant\u00e9m o foco e a concentra\u00e7\u00e3o<\/p>\n<\/li>\n<li data-start=\"995\" data-end=\"1056\">\n<p data-start=\"997\" data-end=\"1056\">Transforma a leitura em um h\u00e1bito consistente e prazeroso<\/p>\n<\/li>\n<\/ul>\n<p data-start=\"1058\" data-end=\"1426\"><strong data-start=\"1061\" data-end=\"1101\">O que voc\u00ea vai aprender neste eBook:<\/strong><br data-start=\"1101\" data-end=\"1104\" \/>\u2714 Como criar e manter o h\u00e1bito da leitura mesmo com pouco tempo<br data-start=\"1167\" data-end=\"1170\" \/>\u2714 T\u00e9cnicas para aumentar a concentra\u00e7\u00e3o e eliminar distra\u00e7\u00f5es<br data-start=\"1231\" data-end=\"1234\" \/>\u2714 M\u00e9todos avan\u00e7ados para melhorar a compreens\u00e3o e a reten\u00e7\u00e3o do conte\u00fado<br data-start=\"1306\" data-end=\"1309\" \/>\u2714 Estrat\u00e9gias para tornar a leitura mais prazerosa e envolvente<br data-start=\"1372\" data-end=\"1375\" \/>\u2714 Como adaptar a leitura \u00e0 sua rotina sem esfor\u00e7o<\/p>\n<p data-start=\"1428\" data-end=\"1640\"><strong data-start=\"1430\" data-end=\"1453\">Dominando a Leitura<\/strong> n\u00e3o \u00e9 apenas um guia \u2014 \u00e9 um <strong data-start=\"1482\" data-end=\"1543\">manual pr\u00e1tico para transformar sua rela\u00e7\u00e3o com os livros<\/strong> e desbloquear todo o potencial que a leitura pode oferecer para sua vida pessoal e profissional.<\/p>\n<p data-start=\"1642\" data-end=\"1786\">\ud83d\udc49Invista em voc\u00ea, no seu conhecimento e no seu crescimento. <strong data-start=\"1704\" data-end=\"1786\">Comece hoje a dominar a leitura e transforme livros em aliados do seu sucesso.<\/strong><\/p>\n","protected":false},"excerpt":{"rendered":"<h3 data-start=\"155\" data-end=\"187\"><strong data-start=\"162\" data-end=\"185\">Dominando a Leitura<\/strong><\/h3>\n<p data-start=\"188\" data-end=\"257\"><strong data-start=\"188\" data-end=\"257\">Transforme a leitura em um h\u00e1bito prazeroso, produtivo e poderoso<\/strong><\/p>\n<p data-start=\"259\" data-end=\"521\">Voc\u00ea j\u00e1 tentou criar o h\u00e1bito da leitura, mas acabou desistindo por falta de tempo, foco ou motiva\u00e7\u00e3o? A verdade \u00e9 que <strong data-start=\"378\" data-end=\"449\">ler mais n\u00e3o depende de for\u00e7a de vontade, e sim de m\u00e9todos corretos<\/strong> \u2014 e \u00e9 exatamente isso que voc\u00ea vai aprender em <strong data-start=\"497\" data-end=\"520\">Dominando a Leitura<\/strong>.<\/p>\n<p data-start=\"523\" data-end=\"729\">Este eBook foi desenvolvido para quem deseja <strong data-start=\"568\" data-end=\"617\">ler com mais efici\u00eancia, compreens\u00e3o e prazer<\/strong>, utilizando <strong data-start=\"630\" data-end=\"662\">m\u00e9todos eficazes e avan\u00e7ados<\/strong> que tornam a leitura algo natural, leve e extremamente proveitoso.<\/p>\n","protected":false},"featured_media":18185,"comment_status":"open","ping_status":"closed","template":"","meta":{"_acf_changed":false},"product_brand":[],"product_cat":[39],"product_tag":[],"class_list":{"0":"post-18183","1":"product","2":"type-product","3":"status-publish","4":"has-post-thumbnail","6":"product_cat-books","8":"first","9":"instock","10":"sale","11":"downloadable","12":"taxable","13":"shipping-taxable","14":"purchasable","15":"product-type-simple"},"acf":[],"jetpack_sharing_enabled":true,"_links":{"self":[{"href":"https:\/\/educavel.com\/ebooks\/wp-json\/wp\/v2\/product\/18183","targetHints":{"allow":["GET"]}}],"collection":[{"href":"https:\/\/educavel.com\/ebooks\/wp-json\/wp\/v2\/product"}],"about":[{"href":"https:\/\/educavel.com\/ebooks\/wp-json\/wp\/v2\/types\/product"}],"replies":[{"embeddable":true,"href":"https:\/\/educavel.com\/ebooks\/wp-json\/wp\/v2\/comments?post=18183"}],"wp:featuredmedia":[{"embeddable":true,"href":"https:\/\/educavel.com\/ebooks\/wp-json\/wp\/v2\/media\/18185"}],"wp:attachment":[{"href":"https:\/\/educavel.com\/ebooks\/wp-json\/wp\/v2\/media?parent=18183"}],"wp:term":[{"taxonomy":"product_brand","embeddable":true,"href":"https:\/\/educavel.com\/ebooks\/wp-json\/wp\/v2\/product_brand?post=18183"},{"taxonomy":"product_cat","embeddable":true,"href":"https:\/\/educavel.com\/ebooks\/wp-json\/wp\/v2\/product_cat?post=18183"},{"taxonomy":"product_tag","embeddable":true,"href":"https:\/\/educavel.com\/ebooks\/wp-json\/wp\/v2\/product_tag?post=18183"}],"curies":[{"name":"wp","href":"https:\/\/api.w.org\/{rel}","templated":true}]}}