{"id":18187,"date":"2026-01-15T19:45:09","date_gmt":"2026-01-15T17:45:09","guid":{"rendered":"https:\/\/educavel.com\/ebooks\/?post_type=product&#038;p=18187"},"modified":"2026-01-19T19:24:40","modified_gmt":"2026-01-19T17:24:40","slug":"100-ideias-de-negocios-que-mudarao-sua-vida","status":"publish","type":"product","link":"https:\/\/educavel.com\/ebooks\/produto\/100-ideias-de-negocios-que-mudarao-sua-vida\/","title":{"rendered":"100 IDEIAS DE NEG\u00d3CIOS QUE MUDAR\u00c3O SUA VIDA"},"content":{"rendered":"<p data-start=\"503\" data-end=\"793\">Em <strong data-start=\"506\" data-end=\"553\">100 Ideias de Neg\u00f3cios Que Mudar\u00e3o Sua Vida<\/strong>, voc\u00ea ter\u00e1 acesso a <strong data-start=\"574\" data-end=\"610\">100 oportunidades de renda extra<\/strong>, pensadas para diferentes perfis, n\u00edveis de experi\u00eancia e possibilidades de investimento. S\u00e3o ideias pr\u00e1ticas, atuais e aplic\u00e1veis, que podem ser iniciadas mesmo com poucos recursos.<\/p>\n<p data-start=\"795\" data-end=\"1077\"><strong data-start=\"798\" data-end=\"838\">Por que este eBook \u00e9 t\u00e3o importante?<\/strong><br data-start=\"838\" data-end=\"841\" \/>Porque conhecimento certo abre portas. Ao entender como funcionam diferentes modelos de neg\u00f3cios, voc\u00ea amplia sua vis\u00e3o, identifica oportunidades onde outros n\u00e3o veem nada e se prepara para tomar decis\u00f5es mais inteligentes e lucrativas.<\/p>\n<p data-start=\"1079\" data-end=\"1451\"><strong data-start=\"1082\" data-end=\"1110\">O que voc\u00ea vai aprender:<\/strong><br data-start=\"1110\" data-end=\"1113\" \/>\u2714 100 ideias de neg\u00f3cios e renda extra para come\u00e7ar ainda hoje<br data-start=\"1175\" data-end=\"1178\" \/>\u2714 Conceitos essenciais sobre empreendedorismo e gera\u00e7\u00e3o de renda<br data-start=\"1242\" data-end=\"1245\" \/>\u2714 Como identificar oportunidades alinhadas ao seu perfil e \u00e0 sua realidade<br data-start=\"1319\" data-end=\"1322\" \/>\u2714 Formas inteligentes de diversificar suas fontes de renda<br data-start=\"1380\" data-end=\"1383\" \/>\u2714 Mentalidade empreendedora para crescer e evoluir financeiramente<\/p>\n<p data-start=\"1453\" data-end=\"1652\">\u00a0Este eBook n\u00e3o entrega apenas ideias \u2014 ele entrega <strong data-start=\"1506\" data-end=\"1539\">clareza, inspira\u00e7\u00e3o e dire\u00e7\u00e3o<\/strong>. Cada oportunidade apresentada pode ser o primeiro passo para uma mudan\u00e7a real na sua vida financeira e pessoal.<\/p>\n<p data-start=\"1654\" data-end=\"1822\">\u00a0Se voc\u00ea busca crescimento, independ\u00eancia e novas possibilidades, <strong data-start=\"1722\" data-end=\"1769\">100 Ideias de Neg\u00f3cios Que Mudar\u00e3o Sua Vida<\/strong> \u00e9 o conhecimento que pode transformar o seu caminho.<\/p>\n","protected":false},"excerpt":{"rendered":"<h2 data-start=\"95\" data-end=\"150\"><strong data-start=\"101\" data-end=\"148\">100 Ideias de Neg\u00f3cios Que Mudar\u00e3o Sua Vida<\/strong><\/h2>\n<p data-start=\"151\" data-end=\"231\"><strong data-start=\"151\" data-end=\"231\">Descubra oportunidades reais para criar renda extra e transformar seu futuro<\/strong><\/p>\n<p data-start=\"233\" data-end=\"501\">Voc\u00ea sente que precisa aumentar sua renda, conquistar mais liberdade financeira ou dar o primeiro passo rumo ao seu pr\u00f3prio neg\u00f3cio? A verdade \u00e9 que <strong data-start=\"382\" data-end=\"453\">as melhores oportunidades surgem para quem tem conhecimento e vis\u00e3o<\/strong> \u2014 e este eBook foi criado exatamente para isso.<\/p>\n","protected":false},"featured_media":18188,"comment_status":"open","ping_status":"closed","template":"","meta":{"_acf_changed":false},"product_brand":[],"product_cat":[149],"product_tag":[],"class_list":{"0":"post-18187","1":"product","2":"type-product","3":"status-publish","4":"has-post-thumbnail","6":"product_cat-negocio","8":"first","9":"instock","10":"sale","11":"downloadable","12":"taxable","13":"shipping-taxable","14":"purchasable","15":"product-type-simple"},"acf":[],"jetpack_sharing_enabled":true,"_links":{"self":[{"href":"https:\/\/educavel.com\/ebooks\/wp-json\/wp\/v2\/product\/18187","targetHints":{"allow":["GET"]}}],"collection":[{"href":"https:\/\/educavel.com\/ebooks\/wp-json\/wp\/v2\/product"}],"about":[{"href":"https:\/\/educavel.com\/ebooks\/wp-json\/wp\/v2\/types\/product"}],"replies":[{"embeddable":true,"href":"https:\/\/educavel.com\/ebooks\/wp-json\/wp\/v2\/comments?post=18187"}],"wp:featuredmedia":[{"embeddable":true,"href":"https:\/\/educavel.com\/ebooks\/wp-json\/wp\/v2\/media\/18188"}],"wp:attachment":[{"href":"https:\/\/educavel.com\/ebooks\/wp-json\/wp\/v2\/media?parent=18187"}],"wp:term":[{"taxonomy":"product_brand","embeddable":true,"href":"https:\/\/educavel.com\/ebooks\/wp-json\/wp\/v2\/product_brand?post=18187"},{"taxonomy":"product_cat","embeddable":true,"href":"https:\/\/educavel.com\/ebooks\/wp-json\/wp\/v2\/product_cat?post=18187"},{"taxonomy":"product_tag","embeddable":true,"href":"https:\/\/educavel.com\/ebooks\/wp-json\/wp\/v2\/product_tag?post=18187"}],"curies":[{"name":"wp","href":"https:\/\/api.w.org\/{rel}","templated":true}]}}