{"id":18198,"date":"2026-01-21T12:56:58","date_gmt":"2026-01-21T10:56:58","guid":{"rendered":"https:\/\/educavel.com\/ebooks\/?post_type=product&#038;p=18198"},"modified":"2026-01-21T16:23:17","modified_gmt":"2026-01-21T14:23:17","slug":"guarda-roupa-funcional-e-inteligente-na-pratica","status":"publish","type":"product","link":"https:\/\/educavel.com\/ebooks\/produto\/guarda-roupa-funcional-e-inteligente-na-pratica\/","title":{"rendered":"Guarda-roupa Funcional e Inteligente na pr\u00e1tica"},"content":{"rendered":"<p>Voc\u00ea abre o guarda-roupa todos os dias e sente a mesma frustra\u00e7\u00e3o:<\/p>\n<p>muitas roupas, mas poucas op\u00e7\u00f5es reais de looks.<\/p>\n<p>Este e-book foi criado exatamente para mulheres que est\u00e3o cansadas de perder tempo, dinheiro e energia tentando \u201cinventar\u201d o que vestir \u00a0e que querem, finalmente, praticidade, clareza e estrat\u00e9gia ao se vestir, sem precisar comprar mais.<\/p>\n<p>O Guarda-Roupa Funcional e Inteligente na Pr\u00e1tica n\u00e3o \u00e9 sobre tend\u00eancias, nem sobre ter um guarda-roupa cheio.<\/p>\n<p>\u00c9 um m\u00e9todo pr\u00e1tico, aplic\u00e1vel e pensado para a vida real, que te ensina a usar melhor o que voc\u00ea j\u00e1 tem e a multiplicar looks de forma consciente.<\/p>\n<p>Aqui, voc\u00ea vai aprender:<\/p>\n<ul>\n<li>Como transformar seu guarda-roupa em um aliado da sua rotina<\/li>\n<li>Como montar combina\u00e7\u00f5es inteligentes com poucas pe\u00e7as<\/li>\n<li>Como parar de comprar por impulso e come\u00e7ar a comprar com estrat\u00e9gia<\/li>\n<li>Como reduzir a indecis\u00e3o di\u00e1ria ao se vestir<\/li>\n<li>Como alinhar suas roupas \u00e0 sua identidade, rotina e objetivos<\/li>\n<\/ul>\n","protected":false},"excerpt":{"rendered":"<p>Voc\u00ea abre o guarda-roupa todos os dias e sente a mesma frustra\u00e7\u00e3o:<\/p>\n<p>muitas roupas, mas poucas op\u00e7\u00f5es reais de looks.<\/p>\n<p>Este e-book foi criado exatamente para mulheres que est\u00e3o cansadas de perder tempo, dinheiro e energia tentando \u201cinventar\u201d o que vestir \u00a0e que querem, finalmente, praticidade, clareza e estrat\u00e9gia ao se vestir, sem precisar comprar mais.<\/p>\n<p>O Guarda-Roupa Funcional e Inteligente na Pr\u00e1tica n\u00e3o \u00e9 sobre tend\u00eancias, nem sobre ter um guarda-roupa cheio.<\/p>\n<p>\u00c9 um m\u00e9todo pr\u00e1tico, aplic\u00e1vel e pensado para a vida real, que te ensina a usar melhor o que voc\u00ea j\u00e1 tem e a multiplicar looks de forma consciente.<\/p>\n<p>Aqui, voc\u00ea vai aprender:<\/p>\n<ul>\n<li>Como transformar seu guarda-roupa em um aliado da sua rotina<\/li>\n<li>Como montar combina\u00e7\u00f5es inteligentes com poucas pe\u00e7as<\/li>\n<li>Como parar de comprar por impulso e come\u00e7ar a comprar com estrat\u00e9gia<\/li>\n<li>Como reduzir a indecis\u00e3o di\u00e1ria ao se vestir<\/li>\n<li>Como alinhar suas roupas \u00e0 sua identidade, rotina e objetivos<\/li>\n<\/ul>\n","protected":false},"featured_media":18197,"comment_status":"open","ping_status":"closed","template":"","meta":{"_acf_changed":false},"product_brand":[],"product_cat":[94],"product_tag":[],"class_list":{"0":"post-18198","1":"product","2":"type-product","3":"status-publish","4":"has-post-thumbnail","6":"product_cat-beleza-estetica","8":"first","9":"instock","10":"downloadable","11":"taxable","12":"shipping-taxable","13":"purchasable","14":"product-type-simple"},"acf":[],"jetpack_sharing_enabled":true,"_links":{"self":[{"href":"https:\/\/educavel.com\/ebooks\/wp-json\/wp\/v2\/product\/18198","targetHints":{"allow":["GET"]}}],"collection":[{"href":"https:\/\/educavel.com\/ebooks\/wp-json\/wp\/v2\/product"}],"about":[{"href":"https:\/\/educavel.com\/ebooks\/wp-json\/wp\/v2\/types\/product"}],"replies":[{"embeddable":true,"href":"https:\/\/educavel.com\/ebooks\/wp-json\/wp\/v2\/comments?post=18198"}],"wp:featuredmedia":[{"embeddable":true,"href":"https:\/\/educavel.com\/ebooks\/wp-json\/wp\/v2\/media\/18197"}],"wp:attachment":[{"href":"https:\/\/educavel.com\/ebooks\/wp-json\/wp\/v2\/media?parent=18198"}],"wp:term":[{"taxonomy":"product_brand","embeddable":true,"href":"https:\/\/educavel.com\/ebooks\/wp-json\/wp\/v2\/product_brand?post=18198"},{"taxonomy":"product_cat","embeddable":true,"href":"https:\/\/educavel.com\/ebooks\/wp-json\/wp\/v2\/product_cat?post=18198"},{"taxonomy":"product_tag","embeddable":true,"href":"https:\/\/educavel.com\/ebooks\/wp-json\/wp\/v2\/product_tag?post=18198"}],"curies":[{"name":"wp","href":"https:\/\/api.w.org\/{rel}","templated":true}]}}