{"id":18246,"date":"2026-02-13T22:27:47","date_gmt":"2026-02-13T20:27:47","guid":{"rendered":"https:\/\/educavel.com\/ebooks\/?post_type=product&#038;p=18246"},"modified":"2026-02-16T15:00:37","modified_gmt":"2026-02-16T13:00:37","slug":"adeus-rugas-transforme-sua-pele-em-7-dias-direto-prometendo-resultado-rapido","status":"publish","type":"product","link":"https:\/\/educavel.com\/ebooks\/produto\/adeus-rugas-transforme-sua-pele-em-7-dias-direto-prometendo-resultado-rapido\/","title":{"rendered":"\u201cAdeus Rugas: Transforme Sua Pele em 7 Dias\u201d \u2013 direto, prometendo resultado r\u00e1pido."},"content":{"rendered":"<p style=\"text-align: left\">Descubra t\u00e9cnicas simples e comprovadas para reduzir rugas rapidamente e ter uma pele lisa, jovem e radiante em apenas 7 dias. Com dicas pr\u00e1ticas de cuidados di\u00e1rios, exerc\u00edcios faciais e segredos de especialistas, este guia mostra como transformar sua apar\u00eancia sem procedimentos caros ou complicados. Comece hoje e veja resultados vis\u00edveis em uma semana!<\/p>\n","protected":false},"excerpt":{"rendered":"<p>Descubra t\u00e9cnicas simples e comprovadas para reduzir rugas rapidamente e ter uma pele lisa, jovem e radiante em apenas 7 dias. Com dicas pr\u00e1ticas de cuidados di\u00e1rios, exerc\u00edcios faciais e segredos de especialistas, este guia mostra como transformar sua apar\u00eancia sem procedimentos caros ou complicados. Comece hoje e veja resultados vis\u00edveis em uma semana!<\/p>\n","protected":false},"featured_media":18250,"comment_status":"open","ping_status":"closed","template":"","meta":{"_acf_changed":false},"product_brand":[],"product_cat":[145],"product_tag":[],"class_list":{"0":"post-18246","1":"product","2":"type-product","3":"status-publish","4":"has-post-thumbnail","6":"product_cat-saude-ebooks","8":"first","9":"instock","10":"sale","11":"downloadable","12":"sold-individually","13":"taxable","14":"shipping-taxable","15":"purchasable","16":"product-type-simple"},"acf":[],"jetpack_sharing_enabled":true,"_links":{"self":[{"href":"https:\/\/educavel.com\/ebooks\/wp-json\/wp\/v2\/product\/18246","targetHints":{"allow":["GET"]}}],"collection":[{"href":"https:\/\/educavel.com\/ebooks\/wp-json\/wp\/v2\/product"}],"about":[{"href":"https:\/\/educavel.com\/ebooks\/wp-json\/wp\/v2\/types\/product"}],"replies":[{"embeddable":true,"href":"https:\/\/educavel.com\/ebooks\/wp-json\/wp\/v2\/comments?post=18246"}],"wp:featuredmedia":[{"embeddable":true,"href":"https:\/\/educavel.com\/ebooks\/wp-json\/wp\/v2\/media\/18250"}],"wp:attachment":[{"href":"https:\/\/educavel.com\/ebooks\/wp-json\/wp\/v2\/media?parent=18246"}],"wp:term":[{"taxonomy":"product_brand","embeddable":true,"href":"https:\/\/educavel.com\/ebooks\/wp-json\/wp\/v2\/product_brand?post=18246"},{"taxonomy":"product_cat","embeddable":true,"href":"https:\/\/educavel.com\/ebooks\/wp-json\/wp\/v2\/product_cat?post=18246"},{"taxonomy":"product_tag","embeddable":true,"href":"https:\/\/educavel.com\/ebooks\/wp-json\/wp\/v2\/product_tag?post=18246"}],"curies":[{"name":"wp","href":"https:\/\/api.w.org\/{rel}","templated":true}]}}