{"id":18347,"date":"2026-03-28T14:30:41","date_gmt":"2026-03-28T12:30:41","guid":{"rendered":"https:\/\/educavel.com\/ebooks\/?post_type=product&#038;p=18347"},"modified":"2026-04-08T13:38:30","modified_gmt":"2026-04-08T11:38:30","slug":"7-erros-que-pioram-a-tua-acne","status":"publish","type":"product","link":"https:\/\/educavel.com\/ebooks\/produto\/7-erros-que-pioram-a-tua-acne\/","title":{"rendered":"7 Erros que pioram a tua acne"},"content":{"rendered":"<div class=\"group flex border-l-[3px] border-l-transparent\" data-diff-type=\"normal\">\n<div class=\"flex-1 flex items-center pl-0 pr-2 group-data-[scrollable]\/overlay:pr-6 min-w-0 font-mono\"><code class=\"font-mono text-xs break-all\">J\u00e1 tentaste de tudo para controlar a acne \u2014 e ela continua a aparecer?<\/code><\/div>\n<\/div>\n<div class=\"group flex border-l-[3px] border-l-transparent\" data-diff-type=\"normal\">\n<div class=\"flex-1 flex items-center pl-0 pr-2 group-data-[scrollable]\/overlay:pr-6 min-w-0 font-mono\"><code class=\"font-mono text-xs break-all\">\u00a0<\/code><\/div>\n<\/div>\n<div class=\"group flex border-l-[3px] border-l-transparent\" data-diff-type=\"normal\">\n<div class=\"flex-1 flex items-center pl-0 pr-2 group-data-[scrollable]\/overlay:pr-6 min-w-0 font-mono\"><code class=\"font-mono text-xs break-all\">A verdade que ningu\u00e9m te conta \u00e9 esta: a maioria das pessoas com acne n\u00e3o tem um problema de pele dif\u00edcil de tratar. Tem h\u00e1bitos que, sem saber, est\u00e3o a alimentar o problema todos os dias.<\/code><code class=\"font-mono text-xs break-all\">Como hidratas, o que comes, os produtos que escolhes \u2014 cada decis\u00e3o ou te aproxima de uma pele equilibrada ou afasta-te dela. E sem o conhecimento certo, \u00e9 imposs\u00edvel saber qual \u00e9 qual.<\/code><code class=\"font-mono text-xs break-all\">\u00c9 exactamente por isso que a Consultora de Beleza Natural C\u00e1tia Mondlane \u2014 fundadora da Imp\u00e9ria Natural Beauty \u2014 criou este guia.<\/code><\/div>\n<\/div>\n<div class=\"group flex border-l-[3px] border-l-transparent\" data-diff-type=\"normal\">\n<div class=\"flex-1 flex items-center pl-0 pr-2 group-data-[scrollable]\/overlay:pr-6 min-w-0 font-mono\"><code class=\"font-mono text-xs break-all\">\u00a0<\/code><\/div>\n<\/div>\n<div class=\"group flex border-l-[3px] border-l-transparent\" data-diff-type=\"normal\">\n<div class=\"flex-1 flex items-center pl-0 pr-2 group-data-[scrollable]\/overlay:pr-6 min-w-0 font-mono\"><strong><code class=\"font-mono text-xs break-all\">\u2726 O QUE APRENDER?<\/code><\/strong><\/div>\n<\/div>\n<div class=\"group flex border-l-[3px] border-l-transparent\" data-diff-type=\"normal\">\n<div class=\"flex-1 flex items-center pl-0 pr-2 group-data-[scrollable]\/overlay:pr-6 min-w-0 font-mono\"><code class=\"font-mono text-xs break-all\">Neste eBook de 17 p\u00e1ginas, desenvolvido especificamente para pele oleosa e acneica em climas tropicais, vais descobrir:<\/code><\/div>\n<\/div>\n<div class=\"group flex border-l-[3px] border-l-transparent\" data-diff-type=\"normal\">\n<div class=\"flex-1 flex items-center pl-0 pr-2 group-data-[scrollable]\/overlay:pr-6 min-w-0 font-mono\"><code class=\"font-mono text-xs break-all\">\u2192 Os 7 erros mais comuns que pioram a acne (e que a maioria das pessoas continua a cometer sem saber)<\/code><\/div>\n<\/div>\n<div class=\"group flex border-l-[3px] border-l-transparent\" data-diff-type=\"normal\">\n<div class=\"flex-1 flex items-center pl-0 pr-2 group-data-[scrollable]\/overlay:pr-6 min-w-0 font-mono\"><code class=\"font-mono text-xs break-all\">\u2192 A ci\u00eancia por detr\u00e1s da acne \u2014 explicada de forma simples e pr\u00e1tica<\/code><\/div>\n<\/div>\n<div class=\"group flex border-l-[3px] border-l-transparent\" data-diff-type=\"normal\">\n<div class=\"flex-1 flex items-center pl-0 pr-2 group-data-[scrollable]\/overlay:pr-6 min-w-0 font-mono\"><code class=\"font-mono text-xs break-all\">\u2192 Como construir uma rotina di\u00e1ria eficaz, mesmo com pouco tempo e or\u00e7amento<\/code><\/div>\n<\/div>\n<div class=\"group flex border-l-[3px] border-l-transparent\" data-diff-type=\"normal\">\n<div class=\"flex-1 flex items-center pl-0 pr-2 group-data-[scrollable]\/overlay:pr-6 min-w-0 font-mono\"><code class=\"font-mono text-xs break-all\">\u2192 Quais os ingredientes naturais que realmente funcionam \u2014 e quais evitar<\/code><\/div>\n<\/div>\n<div class=\"group flex border-l-[3px] border-l-transparent\" data-diff-type=\"normal\">\n<div class=\"flex-1 flex items-center pl-0 pr-2 group-data-[scrollable]\/overlay:pr-6 min-w-0 font-mono\"><code class=\"font-mono text-xs break-all\">\u2192 Como distinguir entre Depura\u00e7\u00e3o-<em>purging<\/em> (a pele a melhorar) e uma reac\u00e7\u00e3o adversa<\/code><\/div>\n<\/div>\n<div class=\"group flex border-l-[3px] border-l-transparent\" data-diff-type=\"normal\">\n<div class=\"flex-1 flex items-center pl-0 pr-2 group-data-[scrollable]\/overlay:pr-6 min-w-0 font-mono\"><code class=\"font-mono text-xs break-all\">\u2192 A liga\u00e7\u00e3o directa entre alimenta\u00e7\u00e3o, stress, sono e a tua acne<\/code><\/div>\n<\/div>\n<div class=\"group flex border-l-[3px] border-l-transparent\" data-diff-type=\"normal\">\n<div class=\"flex-1 flex items-center pl-0 pr-2 group-data-[scrollable]\/overlay:pr-6 min-w-0 font-mono\"><code class=\"font-mono text-xs break-all\">\u2192 Como escolher o protetor solar certo para pele oleosa (sem piorar o brilho)<\/code><\/div>\n<\/div>\n<div class=\"group flex border-l-[3px] border-l-transparent\" data-diff-type=\"normal\">\n<div class=\"flex-1 flex items-center pl-0 pr-2 group-data-[scrollable]\/overlay:pr-6 min-w-0 font-mono\"><code class=\"font-mono text-xs break-all\">\u2192 Uma rotina di\u00e1ria completa \u2014 manh\u00e3 e noite \u2014 lista de verifica\u00e7\u00e3o pr\u00e1tica<\/code><\/div>\n<\/div>\n<div class=\"group flex border-l-[3px] border-l-transparent\" data-diff-type=\"normal\">\n<div class=\"flex-1 flex items-center pl-0 pr-2 group-data-[scrollable]\/overlay:pr-6 min-w-0 font-mono\"><code class=\"font-mono text-xs break-all\">\u2192 5 receitas caseiras naturais com ingredientes acess\u00edveis em Mo\u00e7ambique<\/code><\/div>\n<\/div>\n<div class=\"group flex border-l-[3px] border-l-transparent\" data-diff-type=\"normal\">\n<div class=\"flex-1 flex items-center pl-0 pr-2 group-data-[scrollable]\/overlay:pr-6 min-w-0 font-mono\"><code class=\"font-mono text-xs break-all\">\u00a0<\/code><\/div>\n<\/div>\n<div class=\"group flex border-l-[3px] border-l-transparent\" data-diff-type=\"normal\">\n<div class=\"flex-1 flex items-center pl-0 pr-2 group-data-[scrollable]\/overlay:pr-6 min-w-0 font-mono\"><strong><code class=\"font-mono text-xs break-all\">\u2726 PARA QUEM \u00c9 ESTE GUIA<\/code><\/strong><\/div>\n<\/div>\n<div class=\"group flex border-l-[3px] border-l-transparent\" data-diff-type=\"normal\">\n<div class=\"flex-1 flex items-center pl-0 pr-2 group-data-[scrollable]\/overlay:pr-6 min-w-0 font-mono\"><code class=\"font-mono text-xs break-all\">Para ti, se:<\/code><\/div>\n<\/div>\n<div class=\"group flex border-l-[3px] border-l-transparent\" data-diff-type=\"normal\">\n<div class=\"flex-1 flex items-center pl-0 pr-2 group-data-[scrollable]\/overlay:pr-6 min-w-0 font-mono\"><code class=\"font-mono text-xs break-all\">\u00b7 Tens pele oleosa com acne frequente e n\u00e3o sabes por onde come\u00e7ar<\/code><\/div>\n<\/div>\n<div class=\"group flex border-l-[3px] border-l-transparent\" data-diff-type=\"normal\">\n<div class=\"flex-1 flex items-center pl-0 pr-2 group-data-[scrollable]\/overlay:pr-6 min-w-0 font-mono\"><code class=\"font-mono text-xs break-all\">\u00b7 J\u00e1 compraste v\u00e1rios produtos sem ver resultados reais<\/code><\/div>\n<\/div>\n<div class=\"group flex border-l-[3px] border-l-transparent\" data-diff-type=\"normal\">\n<div class=\"flex-1 flex items-center pl-0 pr-2 group-data-[scrollable]\/overlay:pr-6 min-w-0 font-mono\"><code class=\"font-mono text-xs break-all\">\u00b7 Queres entender o que est\u00e1 a causar a tua acne, n\u00e3o apenas mascar\u00e1-la<\/code><\/div>\n<\/div>\n<div class=\"group flex border-l-[3px] border-l-transparent\" data-diff-type=\"normal\">\n<div class=\"flex-1 flex items-center pl-0 pr-2 group-data-[scrollable]\/overlay:pr-6 min-w-0 font-mono\"><code class=\"font-mono text-xs break-all\">\u00b7 Procuras solu\u00e7\u00f5es naturais, acess\u00edveis e adaptadas ao clima africano<\/code><\/div>\n<\/div>\n<div class=\"group flex border-l-[3px] border-l-transparent\" data-diff-type=\"normal\">\n<div class=\"flex-1 flex items-center pl-0 pr-2 group-data-[scrollable]\/overlay:pr-6 min-w-0 font-mono\"><code class=\"font-mono text-xs break-all\">\u00b7 Tens pele de tom m\u00e9dio a escuro e precisas de cuidados espec\u00edficos para evitar manchas p\u00f3s-acne<\/code><\/div>\n<\/div>\n<div class=\"group flex border-l-[3px] border-l-transparent\" data-diff-type=\"normal\">\n<div class=\"flex-1 flex items-center pl-0 pr-2 group-data-[scrollable]\/overlay:pr-6 min-w-0 font-mono\"><code class=\"font-mono text-xs break-all\">\u00a0<\/code><\/div>\n<\/div>\n<div class=\"group flex border-l-[3px] border-l-transparent\" data-diff-type=\"normal\">\n<div class=\"flex-1 flex items-center pl-0 pr-2 group-data-[scrollable]\/overlay:pr-6 min-w-0 font-mono\"><strong><code class=\"font-mono text-xs break-all\">\u00a0<\/code><code class=\"font-mono text-xs break-all\">\u2726 O QUE DIFERENCIA ESTE GUIA<\/code><\/strong><\/div>\n<\/div>\n<div class=\"group flex border-l-[3px] border-l-transparent\" data-diff-type=\"normal\">\n<div class=\"flex-1 flex items-center pl-0 pr-2 group-data-[scrollable]\/overlay:pr-6 min-w-0 font-mono\"><code class=\"font-mono text-xs break-all\">A maior parte dos conte\u00fados de skincare existentes foi desenvolvida para climas temperados e peles claras. Este guia foi criado para todos os pa\u00edses com clima quente, h\u00famido e peles de pigmenta\u00e7\u00e3o elevada.<\/code><\/div>\n<\/div>\n<div class=\"group flex border-l-[3px] border-l-transparent\" data-diff-type=\"normal\">\n<div class=\"flex-1 flex items-center pl-0 pr-2 group-data-[scrollable]\/overlay:pr-6 min-w-0 font-mono\"><code class=\"font-mono text-xs break-all\">\u00a0<\/code><\/div>\n<\/div>\n<div class=\"group flex border-l-[3px] border-l-transparent\" data-diff-type=\"normal\">\n<div class=\"flex-1 flex items-center pl-0 pr-2 group-data-[scrollable]\/overlay:pr-6 min-w-0 font-mono\"><code class=\"font-mono text-xs break-all\">Cada recomenda\u00e7\u00e3o tem em conta:<\/code><\/div>\n<\/div>\n<div class=\"group flex border-l-[3px] border-l-transparent\" data-diff-type=\"normal\">\n<div class=\"flex-1 flex items-center pl-0 pr-2 group-data-[scrollable]\/overlay:pr-6 min-w-0 font-mono\"><code class=\"font-mono text-xs break-all\">\u00b7 A temperatura e humidade elevada do clima tropical<\/code><\/div>\n<\/div>\n<div class=\"group flex border-l-[3px] border-l-transparent\" data-diff-type=\"normal\">\n<div class=\"flex-1 flex items-center pl-0 pr-2 group-data-[scrollable]\/overlay:pr-6 min-w-0 font-mono\"><code class=\"font-mono text-xs break-all\">\u00b7 A tend\u00eancia de pele negra e morena para hiperpigmenta\u00e7\u00e3o p\u00f3s-acne<\/code><\/div>\n<\/div>\n<div class=\"group flex border-l-[3px] border-l-transparent\" data-diff-type=\"normal\">\n<div class=\"flex-1 flex items-center pl-0 pr-2 group-data-[scrollable]\/overlay:pr-6 min-w-0 font-mono\"><code class=\"font-mono text-xs break-all\">\u00b7 Os ingredientes naturais dispon\u00edveis localmente<\/code><\/div>\n<\/div>\n<div class=\"group flex border-l-[3px] border-l-transparent\" data-diff-type=\"normal\">\n<div class=\"flex-1 flex items-center pl-0 pr-2 group-data-[scrollable]\/overlay:pr-6 min-w-0 font-mono\"><code class=\"font-mono text-xs break-all\">\u00b7 O estilo de vida e rotinas reais das mulheres africanas<\/code><\/div>\n<\/div>\n<div class=\"group flex border-l-[3px] border-l-transparent\" data-diff-type=\"normal\">\n<div class=\"flex-1 flex items-center pl-0 pr-2 group-data-[scrollable]\/overlay:pr-6 min-w-0 font-mono\"><code class=\"font-mono text-xs break-all\">\u00a0<\/code><\/div>\n<\/div>\n<div class=\"group flex border-l-[3px] border-l-transparent\" data-diff-type=\"normal\">\n<div class=\"flex-1 flex items-center pl-0 pr-2 group-data-[scrollable]\/overlay:pr-6 min-w-0 font-mono\"><strong><code class=\"font-mono text-xs break-all\">\u2726 O QUE INCLUI<\/code><\/strong><\/div>\n<\/div>\n<div class=\"group flex border-l-[3px] border-l-transparent\" data-diff-type=\"normal\">\n<div class=\"flex-1 flex items-center pl-0 pr-2 group-data-[scrollable]\/overlay:pr-6 min-w-0 font-mono\"><code class=\"font-mono text-xs break-all\">\u2705 eBook em formato digital PDF \u2014 17 p\u00e1ginas A5, ilustrado e formatado para f\u00e1cil leitura<\/code><\/div>\n<\/div>\n<div class=\"group flex border-l-[3px] border-l-transparent\" data-diff-type=\"normal\">\n<div class=\"flex-1 flex items-center pl-0 pr-2 group-data-[scrollable]\/overlay:pr-6 min-w-0 font-mono\"><code class=\"font-mono text-xs break-all\">\u2705 Rotina di\u00e1ria completa (manh\u00e3 + noite) com lista de verifica\u00e7\u00e3o<\/code><\/div>\n<\/div>\n<div class=\"group flex border-l-[3px] border-l-transparent\" data-diff-type=\"normal\">\n<div class=\"flex-1 flex items-center pl-0 pr-2 group-data-[scrollable]\/overlay:pr-6 min-w-0 font-mono\"><code class=\"font-mono text-xs break-all\">\u2705 Tabela de ingredientes a usar e a evitar<\/code><\/div>\n<\/div>\n<div class=\"group flex border-l-[3px] border-l-transparent\" data-diff-type=\"normal\">\n<div class=\"flex-1 flex items-center pl-0 pr-2 group-data-[scrollable]\/overlay:pr-6 min-w-0 font-mono\"><code class=\"font-mono text-xs break-all\">\u2705 5 receitas caseiras naturais anti-acne<\/code><\/div>\n<\/div>\n<div class=\"group flex border-l-[3px] border-l-transparent\" data-diff-type=\"normal\">\n<div class=\"flex-1 flex items-center pl-0 pr-2 group-data-[scrollable]\/overlay:pr-6 min-w-0 font-mono\"><code class=\"font-mono text-xs break-all\">\u2705 Guia de compra de protetor solar para pele oleosa<\/code><\/div>\n<\/div>\n<div class=\"group flex border-l-[3px] border-l-transparent\" data-diff-type=\"normal\">\n<div class=\"flex-1 flex items-center pl-0 pr-2 group-data-[scrollable]\/overlay:pr-6 min-w-0 font-mono\"><code class=\"font-mono text-xs break-all\">\u2705 Sec\u00e7\u00e3o FAQ com as d\u00favidas mais frequentes<\/code><\/div>\n<div>\n<div class=\"group flex border-l-[3px] border-l-transparent\" data-diff-type=\"normal\">\n<div><\/div>\n<div class=\"flex-1 flex items-center pl-0 pr-2 group-data-[scrollable]\/overlay:pr-6 min-w-0 font-mono\"><code class=\"font-mono text-xs break-all\">\u2726 SOBRE A AUTORA<\/code><\/div>\n<\/div>\n<div class=\"group flex border-l-[3px] border-l-transparent\" data-diff-type=\"normal\">\n<div class=\"flex-1 flex items-center pl-0 pr-2 group-data-[scrollable]\/overlay:pr-6 min-w-0 font-mono\"><code class=\"font-mono text-xs break-all\">C\u00e1tia Mondlane \u00e9 fundadora e Consultora de Beleza Natural da Imp\u00e9ria Natural Beauty, SU Lda \u2014 empresa mo\u00e7ambicana especializada em cuidados de pele com ingredientes naturais adaptada ao contexto tropical. Com anos de experi\u00eancia a trabalhar com peles oleosas e acneicas em clima tropical, desenvolveu protocolos espec\u00edficos que combinam a ci\u00eancia dermatol\u00f3gica com a sabedoria dos ingredientes naturais locais.<\/code><\/div>\n<\/div>\n<div class=\"group flex border-l-[3px] border-l-transparent\" data-diff-type=\"normal\">\n<div class=\"flex-1 flex items-center pl-0 pr-2 group-data-[scrollable]\/overlay:pr-6 min-w-0 font-mono\"><code class=\"font-mono text-xs break-all\">\u00a0<\/code><\/div>\n<\/div>\n<div class=\"group flex border-l-[3px] border-l-transparent\" data-diff-type=\"normal\">\n<div class=\"flex-1 flex items-center pl-0 pr-2 group-data-[scrollable]\/overlay:pr-6 min-w-0 font-mono\"><code class=\"font-mono text-xs break-all\">\"A acne n\u00e3o \u00e9 uma fraqueza. \u00c9 um sinal que a tua pele est\u00e1 a pedir aten\u00e7\u00e3o \u2014 e aten\u00e7\u00e3o \u00e9 exactamente o que vamos dar-lhe.\"<\/code><\/div>\n<\/div>\n<div class=\"group flex border-l-[3px] border-l-transparent\" data-diff-type=\"normal\">\n<div class=\"flex-1 flex items-center pl-0 pr-2 group-data-[scrollable]\/overlay:pr-6 min-w-0 font-mono\"><code class=\"font-mono text-xs break-all\">\u2014 C\u00e1tia Mondlane<\/code><\/div>\n<\/div>\n<\/div>\n<\/div>\n","protected":false},"excerpt":{"rendered":"<div class=\"group flex border-l-[3px] border-l-transparent\" data-diff-type=\"normal\">\n<div class=\"flex-1 flex items-center pl-0 pr-2 group-data-[scrollable]\/overlay:pr-6 min-w-0 font-mono\"><code class=\"font-mono text-xs break-all\">Descobre os 7 erros que est\u00e3o a piorar a tua acne \u2014 e como corrigi-los com ingredientes naturais. Guia pr\u00e1tico de skincare para pele oleosa e acneica.<\/code><\/div>\n<\/div>\n<div class=\"group flex border-l-[3px] border-l-transparent\" data-diff-type=\"normal\">\n<div class=\"flex-1 flex items-center pl-0 pr-2 group-data-[scrollable]\/overlay:pr-6 min-w-0 font-mono\"><code class=\"font-mono text-xs break-all\">\u00a0<\/code><\/div>\n<\/div>\n","protected":false},"featured_media":18359,"comment_status":"open","ping_status":"closed","template":"","meta":{"_acf_changed":false},"product_brand":[],"product_cat":[94],"product_tag":[131,119,38,124],"class_list":{"0":"post-18347","1":"product","2":"type-product","3":"status-publish","4":"has-post-thumbnail","6":"product_cat-beleza-estetica","7":"product_tag-beleza","8":"product_tag-bem-estar","9":"product_tag-books","10":"product_tag-saude","12":"first","13":"instock","14":"downloadable","15":"virtual","16":"taxable","17":"purchasable","18":"product-type-simple"},"acf":[],"jetpack_sharing_enabled":true,"_links":{"self":[{"href":"https:\/\/educavel.com\/ebooks\/wp-json\/wp\/v2\/product\/18347","targetHints":{"allow":["GET"]}}],"collection":[{"href":"https:\/\/educavel.com\/ebooks\/wp-json\/wp\/v2\/product"}],"about":[{"href":"https:\/\/educavel.com\/ebooks\/wp-json\/wp\/v2\/types\/product"}],"replies":[{"embeddable":true,"href":"https:\/\/educavel.com\/ebooks\/wp-json\/wp\/v2\/comments?post=18347"}],"wp:featuredmedia":[{"embeddable":true,"href":"https:\/\/educavel.com\/ebooks\/wp-json\/wp\/v2\/media\/18359"}],"wp:attachment":[{"href":"https:\/\/educavel.com\/ebooks\/wp-json\/wp\/v2\/media?parent=18347"}],"wp:term":[{"taxonomy":"product_brand","embeddable":true,"href":"https:\/\/educavel.com\/ebooks\/wp-json\/wp\/v2\/product_brand?post=18347"},{"taxonomy":"product_cat","embeddable":true,"href":"https:\/\/educavel.com\/ebooks\/wp-json\/wp\/v2\/product_cat?post=18347"},{"taxonomy":"product_tag","embeddable":true,"href":"https:\/\/educavel.com\/ebooks\/wp-json\/wp\/v2\/product_tag?post=18347"}],"curies":[{"name":"wp","href":"https:\/\/api.w.org\/{rel}","templated":true}]}}