{"id":18369,"date":"2026-04-21T11:58:04","date_gmt":"2026-04-21T09:58:04","guid":{"rendered":"https:\/\/educavel.com\/ebooks\/?post_type=product&#038;p=18369"},"modified":"2026-04-22T06:54:19","modified_gmt":"2026-04-22T04:54:19","slug":"a-arte-de-superar-obstaculos","status":"publish","type":"product","link":"https:\/\/educavel.com\/ebooks\/produto\/a-arte-de-superar-obstaculos\/","title":{"rendered":"A arte de superar obst\u00e1culos"},"content":{"rendered":"","protected":false},"excerpt":{"rendered":"<p>Neste livro, re\u00fano experi\u00eancias pessoais, princ\u00edpios espirituais, reflex\u00f5es filos\u00f3ficas e ferramentas pr\u00e1ticas que me ajudaram a transformar limites em crescimento, dor em maturidade e crises em prop\u00f3sito. Falaremos de intelig\u00eancia emocional, intelig\u00eancia espiritual, f\u00e9, desconforto, autodom\u00ednio e da arte de transformar adversidades em oportunidades reais.<\/p>\n<p>Superar obst\u00e1culos n\u00e3o \u00e9 um acto isolado de coragem, \u00e9 um processo cont\u00ednuo de transforma\u00e7\u00e3o interior. \u00c9 o momento em que a vida exige mais do que o conforto permite, e for\u00e7a-nos a despertar capacidades que estavam adormecidas. Capacidades que s\u00f3 surgem quando j\u00e1 n\u00e3o h\u00e1 atalhos.<\/p>\n","protected":false},"featured_media":18370,"comment_status":"closed","ping_status":"closed","template":"","meta":{"_acf_changed":false},"product_brand":[],"product_cat":[19],"product_tag":[119,38,51],"class_list":{"0":"post-18369","1":"product","2":"type-product","3":"status-publish","4":"has-post-thumbnail","6":"product_cat-ebook","7":"product_tag-bem-estar","8":"product_tag-books","9":"product_tag-experience","11":"first","12":"instock","13":"sale","14":"downloadable","15":"virtual","16":"sold-individually","17":"taxable","18":"purchasable","19":"product-type-simple"},"acf":[],"jetpack_sharing_enabled":true,"_links":{"self":[{"href":"https:\/\/educavel.com\/ebooks\/wp-json\/wp\/v2\/product\/18369","targetHints":{"allow":["GET"]}}],"collection":[{"href":"https:\/\/educavel.com\/ebooks\/wp-json\/wp\/v2\/product"}],"about":[{"href":"https:\/\/educavel.com\/ebooks\/wp-json\/wp\/v2\/types\/product"}],"replies":[{"embeddable":true,"href":"https:\/\/educavel.com\/ebooks\/wp-json\/wp\/v2\/comments?post=18369"}],"wp:featuredmedia":[{"embeddable":true,"href":"https:\/\/educavel.com\/ebooks\/wp-json\/wp\/v2\/media\/18370"}],"wp:attachment":[{"href":"https:\/\/educavel.com\/ebooks\/wp-json\/wp\/v2\/media?parent=18369"}],"wp:term":[{"taxonomy":"product_brand","embeddable":true,"href":"https:\/\/educavel.com\/ebooks\/wp-json\/wp\/v2\/product_brand?post=18369"},{"taxonomy":"product_cat","embeddable":true,"href":"https:\/\/educavel.com\/ebooks\/wp-json\/wp\/v2\/product_cat?post=18369"},{"taxonomy":"product_tag","embeddable":true,"href":"https:\/\/educavel.com\/ebooks\/wp-json\/wp\/v2\/product_tag?post=18369"}],"curies":[{"name":"wp","href":"https:\/\/api.w.org\/{rel}","templated":true}]}}