{"id":6167,"date":"2024-12-02T22:46:36","date_gmt":"2024-12-02T21:46:36","guid":{"rendered":"https:\/\/educavel.com\/?post_type=product&#038;p=5820"},"modified":"2025-11-16T20:56:31","modified_gmt":"2025-11-16T20:56:31","slug":"bridging-the-gap-a-arte-de-manter-o-amor-a-distancia","status":"publish","type":"product","link":"https:\/\/educavel.com\/ebooks\/produto\/bridging-the-gap-a-arte-de-manter-o-amor-a-distancia\/","title":{"rendered":"Bridging the Gap &#8211; A Arte de Manter o Amor \u00e0 Dist\u00e2ncia"},"content":{"rendered":"<p>Ol\u00e1, fam\u00edlia! \ud83d\udc8c<\/p>\n<p>Este Short-Ready E-book \u00e9 um projeto que nasceu de muita ora\u00e7\u00e3o, reflex\u00f5es e do desejo de ajudar quem vive a realidade de um relacionamento \u00e0 dist\u00e2ncia, especialmente no contexto crist\u00e3o.<\/p>\n<p>Estou aqui para partilhar contigo um pouco da minha hist\u00f3ria \u2013 ou melhor, da NOSSA hist\u00f3ria. Ent\u00e3o, prepara-te, porque tenho MUITO para contar sobre f\u00e9, paci\u00eancia, confian\u00e7a e o prop\u00f3sito de Deus para os nossos relacionamentos!<\/p>\n<p>Espero que este pequeno e-book seja uma fonte de encorajamento e orienta\u00e7\u00e3o, n\u00e3o s\u00f3 para o teu namoro \u00e0 dist\u00e2ncia, mas tamb\u00e9m para qualquer desafio que possas estar a enfrentar. Quero lembrar-te: &#8220;No matter what you are doing, e independentemente da situa\u00e7\u00e3o que est\u00e1s a enfrentar: VAIS CONSEGUIR!&#8221; \ud83d\udcaa<\/p>\n<p>Lembra-te que Deus \u00e9 contigo, e sabe o que \u00e9 melhor para ti. Entrega a Ele todo o teu ser, e com certeza: as coisas ir\u00e3o dar certo! \ud83e\udec2<\/p>\n<p>Com carinho,<\/p>\n<p>Karen Tembe Matangala \ud83d\ude0a<\/p>\n","protected":false},"excerpt":{"rendered":"<p>Este Short-Ready ebook \u00e9 fruto muita ora\u00e7\u00e3o e do desejo de encorajar quem vive um relacionamento \u00e0 dist\u00e2ncia, especialmente no contexto crist\u00e3o. Aqui, partilho a minha hist\u00f3ria, cheia de li\u00e7\u00f5es sobre f\u00e9, paci\u00eancia e confian\u00e7a no prop\u00f3sito de Deus. Que este e-book seja uma fonte de for\u00e7a, lembrando-te: &#8220;Vais conseguir, independentemente do desafio!&#8221;<\/p>\n","protected":false},"featured_media":17878,"comment_status":"open","ping_status":"closed","template":"","meta":{"_acf_changed":false},"product_brand":[],"product_cat":[107],"product_tag":[105,106,109,110,111],"class_list":{"0":"post-6167","1":"product","2":"type-product","3":"status-publish","4":"has-post-thumbnail","6":"product_cat-ebooks","7":"product_tag-amoradistancia","8":"product_tag-distancia","9":"product_tag-namoro","10":"product_tag-relacao","11":"product_tag-relationship","13":"first","14":"instock","15":"downloadable","16":"virtual","17":"sold-individually","18":"taxable","19":"purchasable","20":"product-type-simple"},"acf":[],"jetpack_sharing_enabled":true,"_links":{"self":[{"href":"https:\/\/educavel.com\/ebooks\/wp-json\/wp\/v2\/product\/6167","targetHints":{"allow":["GET"]}}],"collection":[{"href":"https:\/\/educavel.com\/ebooks\/wp-json\/wp\/v2\/product"}],"about":[{"href":"https:\/\/educavel.com\/ebooks\/wp-json\/wp\/v2\/types\/product"}],"replies":[{"embeddable":true,"href":"https:\/\/educavel.com\/ebooks\/wp-json\/wp\/v2\/comments?post=6167"}],"wp:featuredmedia":[{"embeddable":true,"href":"https:\/\/educavel.com\/ebooks\/wp-json\/wp\/v2\/media\/17878"}],"wp:attachment":[{"href":"https:\/\/educavel.com\/ebooks\/wp-json\/wp\/v2\/media?parent=6167"}],"wp:term":[{"taxonomy":"product_brand","embeddable":true,"href":"https:\/\/educavel.com\/ebooks\/wp-json\/wp\/v2\/product_brand?post=6167"},{"taxonomy":"product_cat","embeddable":true,"href":"https:\/\/educavel.com\/ebooks\/wp-json\/wp\/v2\/product_cat?post=6167"},{"taxonomy":"product_tag","embeddable":true,"href":"https:\/\/educavel.com\/ebooks\/wp-json\/wp\/v2\/product_tag?post=6167"}],"curies":[{"name":"wp","href":"https:\/\/api.w.org\/{rel}","templated":true}]}}