{"id":6776,"date":"2025-02-19T20:30:21","date_gmt":"2025-02-19T18:30:21","guid":{"rendered":"https:\/\/educavel.com\/?post_type=product&#038;p=6776"},"modified":"2025-11-16T19:05:41","modified_gmt":"2025-11-16T19:05:41","slug":"o-poder-do-dinheiro-sua-jornada-para-a-liberdade-financeira","status":"publish","type":"product","link":"https:\/\/educavel.com\/ebooks\/produto\/o-poder-do-dinheiro-sua-jornada-para-a-liberdade-financeira\/","title":{"rendered":"O Poder do Dinheiro: Sua Jornada Para a Liberdade Financeira"},"content":{"rendered":"<ol>\n<li><strong>Aumentando<\/strong><b> Sua Poupan\u00e7a<\/b><\/li>\n<li><b>Calculando Sua Reserva de Emerg\u00eancia<span class=\"Apple-converted-space\">\u00a0<\/span><\/b><\/li>\n<li><b>Reduzindo Suas D\u00edvidas<span class=\"Apple-converted-space\">\u00a0<\/span><\/b><\/li>\n<\/ol>\n<p><b>Por que este livro \u00e9 diferente?<span class=\"Apple-converted-space\">\u00a0<\/span><\/b><\/p>\n<p>Este livro n\u00e3o \u00e9 apenas mais um guia de finan\u00e7as pessoais. Ele vai al\u00e9m dos conceitos b\u00e1sicos e mergulha nas dores profundas que voc\u00ea enfrenta com dinheiro, ajudando voc\u00ea a entender suas cren\u00e7as limitantes, mudar sua mentalidade e construir uma rela\u00e7\u00e3o mais saud\u00e1vel com suas finan\u00e7as.<span class=\"Apple-converted-space\">\u00a0<\/span><\/p>\n<ul>\n<li>Ele se concentra na sua jornada individual, oferecendo ferramentas pr\u00e1ticas para superar obst\u00e1culos e alcan\u00e7ar a liberdade financeira.<span class=\"Apple-converted-space\">\u00a0<\/span><\/li>\n<li>Ele utiliza gatilhos mentais comprovados para criar h\u00e1bitos positivos em rela\u00e7\u00e3o ao dinheiro e te impulsionar a agir.<span class=\"Apple-converted-space\">\u00a0<\/span><\/li>\n<li>Ele n\u00e3o se limita a te ensinar sobre investimentos, mas te guia passo a passo na constru\u00e7\u00e3o de um futuro financeiro pr\u00f3spero.<span class=\"Apple-converted-space\">\u00a0<\/span><\/li>\n<li>Ele te inspira com hist\u00f3rias e cita\u00e7\u00f5es de pessoas que superaram suas dificuldades financeiras e alcan\u00e7aram seus objetivos.<span class=\"Apple-converted-space\">\u00a0<\/span><\/li>\n<\/ul>\n<p>&nbsp;<\/p>\n","protected":false},"excerpt":{"rendered":"<div class=\"page\" title=\"Page 1\">\n<div class=\"section\">\n<div class=\"layoutArea\">\n<div class=\"column\">\n<p>Descubra como o dinheiro pode ser muito mais do que apenas uma ferramenta, e como voce\u0302 pode usar seu poder para alcanc\u0327ar a independe\u0302ncia financeira.<\/p>\n<\/div>\n<\/div>\n<\/div>\n<\/div>\n","protected":false},"featured_media":17864,"comment_status":"open","ping_status":"closed","template":"","meta":{"_acf_changed":false},"product_brand":[],"product_cat":[116],"product_tag":[],"class_list":{"0":"post-6776","1":"product","2":"type-product","3":"status-publish","4":"has-post-thumbnail","6":"product_cat-financa","8":"first","9":"instock","10":"downloadable","11":"virtual","12":"sold-individually","13":"taxable","14":"purchasable","15":"product-type-simple"},"acf":[],"jetpack_sharing_enabled":true,"_links":{"self":[{"href":"https:\/\/educavel.com\/ebooks\/wp-json\/wp\/v2\/product\/6776","targetHints":{"allow":["GET"]}}],"collection":[{"href":"https:\/\/educavel.com\/ebooks\/wp-json\/wp\/v2\/product"}],"about":[{"href":"https:\/\/educavel.com\/ebooks\/wp-json\/wp\/v2\/types\/product"}],"replies":[{"embeddable":true,"href":"https:\/\/educavel.com\/ebooks\/wp-json\/wp\/v2\/comments?post=6776"}],"wp:featuredmedia":[{"embeddable":true,"href":"https:\/\/educavel.com\/ebooks\/wp-json\/wp\/v2\/media\/17864"}],"wp:attachment":[{"href":"https:\/\/educavel.com\/ebooks\/wp-json\/wp\/v2\/media?parent=6776"}],"wp:term":[{"taxonomy":"product_brand","embeddable":true,"href":"https:\/\/educavel.com\/ebooks\/wp-json\/wp\/v2\/product_brand?post=6776"},{"taxonomy":"product_cat","embeddable":true,"href":"https:\/\/educavel.com\/ebooks\/wp-json\/wp\/v2\/product_cat?post=6776"},{"taxonomy":"product_tag","embeddable":true,"href":"https:\/\/educavel.com\/ebooks\/wp-json\/wp\/v2\/product_tag?post=6776"}],"curies":[{"name":"wp","href":"https:\/\/api.w.org\/{rel}","templated":true}]}}