{"id":7039,"date":"2025-03-17T15:07:44","date_gmt":"2025-03-17T14:07:44","guid":{"rendered":"https:\/\/educavel.com\/?post_type=product&#038;p=7039"},"modified":"2025-11-16T20:44:28","modified_gmt":"2025-11-16T20:44:28","slug":"a-jornada-de-uma-mae-solteira","status":"publish","type":"product","link":"https:\/\/educavel.com\/ebooks\/produto\/a-jornada-de-uma-mae-solteira\/","title":{"rendered":"A Jornada de uma m\u00e3e solteira"},"content":{"rendered":"<p>&#8220;A Jornada de uma M\u00e3e Solteira&#8221; \u00e9 um relato emocionante e motivador que explora os desafios e vit\u00f3rias de uma mulher que enfrenta a maternidade solo com coragem e determina\u00e7\u00e3o. Neste eBook, o(a) leitor(a) encontrar\u00e1 reflex\u00f5es sinceras sobre independ\u00eancia financeira, autoestima, equil\u00edbrio entre carreira e maternidade, al\u00e9m de estrat\u00e9gias pr\u00e1ticas para superar obst\u00e1culos e construir uma vida plena. \u00c9 um convite \u00e0 resili\u00eancia, ao amor pr\u00f3prio e \u00e0 conquista de uma vida abundante, provando que \u00e9 poss\u00edvel transformar dificuldades em grandes oportunidades.<\/p>\n","protected":false},"excerpt":{"rendered":"<p>Um relato inspirador sobre desafios, supera\u00e7\u00f5es e conquistas de uma m\u00e3e solteira que transforma dificuldades em for\u00e7a, guiando-se pelo amor, resili\u00eancia e determina\u00e7\u00e3o.<\/p>\n","protected":false},"featured_media":17851,"comment_status":"closed","ping_status":"closed","template":"","meta":{"_acf_changed":false},"product_brand":[],"product_cat":[107],"product_tag":[],"class_list":{"0":"post-7039","1":"product","2":"type-product","3":"status-publish","4":"has-post-thumbnail","6":"product_cat-ebooks","8":"first","9":"instock","10":"downloadable","11":"virtual","12":"sold-individually","13":"taxable","14":"purchasable","15":"product-type-simple"},"acf":[],"jetpack_sharing_enabled":true,"_links":{"self":[{"href":"https:\/\/educavel.com\/ebooks\/wp-json\/wp\/v2\/product\/7039","targetHints":{"allow":["GET"]}}],"collection":[{"href":"https:\/\/educavel.com\/ebooks\/wp-json\/wp\/v2\/product"}],"about":[{"href":"https:\/\/educavel.com\/ebooks\/wp-json\/wp\/v2\/types\/product"}],"replies":[{"embeddable":true,"href":"https:\/\/educavel.com\/ebooks\/wp-json\/wp\/v2\/comments?post=7039"}],"wp:featuredmedia":[{"embeddable":true,"href":"https:\/\/educavel.com\/ebooks\/wp-json\/wp\/v2\/media\/17851"}],"wp:attachment":[{"href":"https:\/\/educavel.com\/ebooks\/wp-json\/wp\/v2\/media?parent=7039"}],"wp:term":[{"taxonomy":"product_brand","embeddable":true,"href":"https:\/\/educavel.com\/ebooks\/wp-json\/wp\/v2\/product_brand?post=7039"},{"taxonomy":"product_cat","embeddable":true,"href":"https:\/\/educavel.com\/ebooks\/wp-json\/wp\/v2\/product_cat?post=7039"},{"taxonomy":"product_tag","embeddable":true,"href":"https:\/\/educavel.com\/ebooks\/wp-json\/wp\/v2\/product_tag?post=7039"}],"curies":[{"name":"wp","href":"https:\/\/api.w.org\/{rel}","templated":true}]}}