{"id":7069,"date":"2025-03-20T18:08:05","date_gmt":"2025-03-20T16:08:05","guid":{"rendered":"https:\/\/educavel.com\/?post_type=product&#038;p=7069"},"modified":"2025-11-16T20:28:34","modified_gmt":"2025-11-16T20:28:34","slug":"os-pilares-do-dinheiro","status":"publish","type":"product","link":"https:\/\/educavel.com\/ebooks\/produto\/os-pilares-do-dinheiro\/","title":{"rendered":"OS PILARES DO DINHEIRO"},"content":{"rendered":"<p style=\"font-weight: 400;\">Neste eBook, &#8220;Pilares do Dinheiro&#8221;, eu vou gui\u00e1-lo numa jornada transformadora. Aprender\u00e1 a construir uma base s\u00f3lida para as suas finan\u00e7as, reduzindo o stress e a incerteza que muitas vezes nos rodeiam.<\/p>\n<p style=\"font-weight: 400;\"><strong>\u00a0<\/strong><\/p>\n<p style=\"font-weight: 400;\"><strong>O que encontrar\u00e1 neste eBook?<\/strong><\/p>\n<ul>\n<li style=\"font-weight: 400;\"><strong> Ganhar: <\/strong>Estrat\u00e9gias eficazes para aumentar a sua renda e explorar novas oportunidades.<\/li>\n<li style=\"font-weight: 400;\"><strong> Gastar: <\/strong>Dicas para tomar decis\u00f5es de forma inteligente e consciente, sem abrir m\u00e3o do que ama.<\/li>\n<li style=\"font-weight: 400;\"><strong> Poupar: <\/strong>M\u00e9todos comprovados para criar uma reserva financeira robusta que lhe trar\u00e1 seguran\u00e7a e tranquilidade.<\/li>\n<li style=\"font-weight: 400;\"><strong> Multiplicar: <\/strong>Conhecimentos sobre investimentos que far\u00e3o o seu dinheiro trabalhar para si, abrindo portas para um futuro pr\u00f3spero.<\/li>\n<\/ul>\n<p style=\"font-weight: 400;\"><strong>\u00a0<\/strong><\/p>\n<p style=\"font-weight: 400;\">Ao final da leitura, estar\u00e1 equipado com o conhecimento necess\u00e1rio para n\u00e3o s\u00f3 entender, mas tamb\u00e9m aplicar estes pilares na sua vida. N\u00e3o importa onde se encontre na sua jornada financeira, &#8220;Pilares do Dinheiro&#8221; \u00e9 o guia que faltava para ajud\u00e1-lo a alcan\u00e7ar a liberdade e as oportunidades que sempre desejou.<\/p>\n","protected":false},"excerpt":{"rendered":"<p>J\u00e1 se perguntou como algumas pessoas conseguem alcan\u00e7ar a t\u00e3o sonhada estabilidade e liberdade financeira, enquanto outras lutam constantemente com d\u00edvidas e incertezas? Se sim, n\u00e3o est\u00e1 sozinho. A verdade \u00e9 que a chave para o sucesso financeiro reside em entender e dominar os quatro pilares essenciais: ganhar, gastar, poupar e multiplicar.<\/p>\n","protected":false},"featured_media":17872,"comment_status":"open","ping_status":"closed","template":"","meta":{"_acf_changed":false},"product_brand":[],"product_cat":[107],"product_tag":[],"class_list":{"0":"post-7069","1":"product","2":"type-product","3":"status-publish","4":"has-post-thumbnail","6":"product_cat-ebooks","8":"first","9":"instock","10":"downloadable","11":"virtual","12":"sold-individually","13":"taxable","14":"purchasable","15":"product-type-simple"},"acf":[],"jetpack_sharing_enabled":true,"_links":{"self":[{"href":"https:\/\/educavel.com\/ebooks\/wp-json\/wp\/v2\/product\/7069","targetHints":{"allow":["GET"]}}],"collection":[{"href":"https:\/\/educavel.com\/ebooks\/wp-json\/wp\/v2\/product"}],"about":[{"href":"https:\/\/educavel.com\/ebooks\/wp-json\/wp\/v2\/types\/product"}],"replies":[{"embeddable":true,"href":"https:\/\/educavel.com\/ebooks\/wp-json\/wp\/v2\/comments?post=7069"}],"wp:featuredmedia":[{"embeddable":true,"href":"https:\/\/educavel.com\/ebooks\/wp-json\/wp\/v2\/media\/17872"}],"wp:attachment":[{"href":"https:\/\/educavel.com\/ebooks\/wp-json\/wp\/v2\/media?parent=7069"}],"wp:term":[{"taxonomy":"product_brand","embeddable":true,"href":"https:\/\/educavel.com\/ebooks\/wp-json\/wp\/v2\/product_brand?post=7069"},{"taxonomy":"product_cat","embeddable":true,"href":"https:\/\/educavel.com\/ebooks\/wp-json\/wp\/v2\/product_cat?post=7069"},{"taxonomy":"product_tag","embeddable":true,"href":"https:\/\/educavel.com\/ebooks\/wp-json\/wp\/v2\/product_tag?post=7069"}],"curies":[{"name":"wp","href":"https:\/\/api.w.org\/{rel}","templated":true}]}}