{"id":7146,"date":"2025-03-23T09:54:21","date_gmt":"2025-03-23T07:54:21","guid":{"rendered":"https:\/\/educavel.com\/?post_type=product&#038;p=7146"},"modified":"2025-11-16T20:26:57","modified_gmt":"2025-11-16T20:26:57","slug":"o-poder-da-imagem-e-markenting-pessoal","status":"publish","type":"product","link":"https:\/\/educavel.com\/ebooks\/produto\/o-poder-da-imagem-e-markenting-pessoal\/","title":{"rendered":"O poder da imagem e Markenting Pessoal"},"content":{"rendered":"<p>No mundo atual, a imagem pessoal \u00e9 um dos pilares fundamentais para o sucesso. Seja no ambiente profissional ou nas redes sociais, a forma como nos apresentamos influencia diretamente a percep\u00e7\u00e3o que os outros t\u00eam de n\u00f3s. Este eBook foi criado para ajudar mulheres a constru\u00edrem uma imagem de sucesso e aplicarem estrat\u00e9gias eficazes de marketing pessoal para fortalecerem sua presen\u00e7a offline e online.<\/p>\n","protected":false},"excerpt":{"rendered":"<div>A imagem pessoal \u00e9 essencial para o sucesso. Este eBook ajuda mulheres a construir uma identidade forte e aplicar estrat\u00e9gias de marketing para destacar sua presen\u00e7a profissional e digital.<\/div>\n","protected":false},"featured_media":17860,"comment_status":"open","ping_status":"closed","template":"","meta":{"_acf_changed":false},"product_brand":[],"product_cat":[107],"product_tag":[],"class_list":{"0":"post-7146","1":"product","2":"type-product","3":"status-publish","4":"has-post-thumbnail","6":"product_cat-ebooks","8":"first","9":"instock","10":"downloadable","11":"virtual","12":"sold-individually","13":"taxable","14":"purchasable","15":"product-type-simple"},"acf":[],"jetpack_sharing_enabled":true,"_links":{"self":[{"href":"https:\/\/educavel.com\/ebooks\/wp-json\/wp\/v2\/product\/7146","targetHints":{"allow":["GET"]}}],"collection":[{"href":"https:\/\/educavel.com\/ebooks\/wp-json\/wp\/v2\/product"}],"about":[{"href":"https:\/\/educavel.com\/ebooks\/wp-json\/wp\/v2\/types\/product"}],"replies":[{"embeddable":true,"href":"https:\/\/educavel.com\/ebooks\/wp-json\/wp\/v2\/comments?post=7146"}],"wp:featuredmedia":[{"embeddable":true,"href":"https:\/\/educavel.com\/ebooks\/wp-json\/wp\/v2\/media\/17860"}],"wp:attachment":[{"href":"https:\/\/educavel.com\/ebooks\/wp-json\/wp\/v2\/media?parent=7146"}],"wp:term":[{"taxonomy":"product_brand","embeddable":true,"href":"https:\/\/educavel.com\/ebooks\/wp-json\/wp\/v2\/product_brand?post=7146"},{"taxonomy":"product_cat","embeddable":true,"href":"https:\/\/educavel.com\/ebooks\/wp-json\/wp\/v2\/product_cat?post=7146"},{"taxonomy":"product_tag","embeddable":true,"href":"https:\/\/educavel.com\/ebooks\/wp-json\/wp\/v2\/product_tag?post=7146"}],"curies":[{"name":"wp","href":"https:\/\/api.w.org\/{rel}","templated":true}]}}