{"id":9580,"date":"2025-05-23T07:07:58","date_gmt":"2025-05-23T06:07:58","guid":{"rendered":"https:\/\/educavel.com\/?post_type=product&#038;p=9580"},"modified":"2025-11-16T20:10:03","modified_gmt":"2025-11-16T20:10:03","slug":"lucrando-na-internet-em-africa","status":"publish","type":"product","link":"https:\/\/educavel.com\/ebooks\/produto\/lucrando-na-internet-em-africa\/","title":{"rendered":"Lucrando na Internet em \u00c1frica"},"content":{"rendered":"<p style=\"font-weight: 400;\">Este e-book \u00e9 um recurso valioso para quem deseja iniciar ou expandir seusneg\u00f3cios online na \u00c1frica. Ele fornece informa\u00e7\u00f5es e estrat\u00e9gias pr\u00e1ticasque podem ajud\u00e1-lo a alcan\u00e7ar o sucesso.<\/p>\n<ul>\n<li style=\"font-weight: 400;\">Vendas: O que s\u00e3o vendas?<\/li>\n<li style=\"font-weight: 400;\">Quais s\u00e3o os diferentes tipos de vendas?<\/li>\n<li style=\"font-weight: 400;\">Como entender o processo de vendas?Marketing digital: O que \u00e9 marketingdigital?<\/li>\n<li style=\"font-weight: 400;\">Quais s\u00e3o os diferentes canaisde marketing digital?<\/li>\n<li style=\"font-weight: 400;\">Como criarestrat\u00e9gias de marketing digitaleficazes?Marketing direto: O que \u00e9 marketingdireto?<\/li>\n<li style=\"font-weight: 400;\">Quais s\u00e3o os diferentes tipos demarketing direto?<\/li>\n<li style=\"font-weight: 400;\">Como criar estrat\u00e9giasde marketing direto eficazes?<\/li>\n<li style=\"font-weight: 400;\">Copywriting: O que \u00e9 copywriting?<\/li>\n<li style=\"font-weight: 400;\">Quais s\u00e3o os princ\u00edpios do copywriting?<\/li>\n<li style=\"font-weight: 400;\">Como escrever copywriting eficaz?Venda de infoprodutos: O que s\u00e3oinfoprodutos?<\/li>\n<li style=\"font-weight: 400;\">Quais s\u00e3o os diferentes tipos de infoprodutos? Como venderinfoprodutos?<\/li>\n<li style=\"font-weight: 400;\">Tr\u00e1fego pago: O que \u00e9 tr\u00e1fego pago?<\/li>\n<li style=\"font-weight: 400;\">Quais s\u00e3o os diferentes tipos de tr\u00e1fegopago?<\/li>\n<li style=\"font-weight: 400;\">Como criar campanhas de tr\u00e1fegopago eficazes?<\/li>\n<li style=\"font-weight: 400;\">YouTube: O que \u00e9 o YouTube?<\/li>\n<\/ul>\n<p>&nbsp;<\/p>\n","protected":false},"excerpt":{"rendered":"<p>Este e-book \u00e9 um recurso valioso para quem deseja iniciar ou expandir seusneg\u00f3cios online na \u00c1frica. Ele fornece informa\u00e7\u00f5es e estrat\u00e9gias pr\u00e1ticasque podem ajud\u00e1-lo a alcan\u00e7ar o sucesso.<\/p>\n","protected":false},"featured_media":17861,"comment_status":"open","ping_status":"closed","template":"","meta":{"_acf_changed":false},"product_brand":[],"product_cat":[107],"product_tag":[],"class_list":{"0":"post-9580","1":"product","2":"type-product","3":"status-publish","4":"has-post-thumbnail","6":"product_cat-ebooks","8":"first","9":"instock","10":"downloadable","11":"virtual","12":"sold-individually","13":"taxable","14":"purchasable","15":"product-type-simple"},"acf":[],"jetpack_sharing_enabled":true,"_links":{"self":[{"href":"https:\/\/educavel.com\/ebooks\/wp-json\/wp\/v2\/product\/9580","targetHints":{"allow":["GET"]}}],"collection":[{"href":"https:\/\/educavel.com\/ebooks\/wp-json\/wp\/v2\/product"}],"about":[{"href":"https:\/\/educavel.com\/ebooks\/wp-json\/wp\/v2\/types\/product"}],"replies":[{"embeddable":true,"href":"https:\/\/educavel.com\/ebooks\/wp-json\/wp\/v2\/comments?post=9580"}],"wp:featuredmedia":[{"embeddable":true,"href":"https:\/\/educavel.com\/ebooks\/wp-json\/wp\/v2\/media\/17861"}],"wp:attachment":[{"href":"https:\/\/educavel.com\/ebooks\/wp-json\/wp\/v2\/media?parent=9580"}],"wp:term":[{"taxonomy":"product_brand","embeddable":true,"href":"https:\/\/educavel.com\/ebooks\/wp-json\/wp\/v2\/product_brand?post=9580"},{"taxonomy":"product_cat","embeddable":true,"href":"https:\/\/educavel.com\/ebooks\/wp-json\/wp\/v2\/product_cat?post=9580"},{"taxonomy":"product_tag","embeddable":true,"href":"https:\/\/educavel.com\/ebooks\/wp-json\/wp\/v2\/product_tag?post=9580"}],"curies":[{"name":"wp","href":"https:\/\/api.w.org\/{rel}","templated":true}]}}